{"id":39,"date":"2019-08-08T11:01:13","date_gmt":"2019-08-08T11:01:13","guid":{"rendered":"https:\/\/www.sosgame.com\/es\/?page_id=39"},"modified":"2020-01-23T14:00:39","modified_gmt":"2020-01-23T14:00:39","slug":"las-20-mejores-slots-smartphone-para-jugar-gratis-o-con-dinero-real","status":"publish","type":"page","link":"https:\/\/www.sosgame.com\/es\/las-20-mejores-slots-smartphone-para-jugar-gratis-o-con-dinero-real","title":{"rendered":"Las 20 mejores slots para Smartphone &#8211; Juega gratis o con dinero real"},"content":{"rendered":"<h1>Top 20 juegos de slots para jugar gratis<\/h1>\n<p>Actualmente, las slots son uno de los juegos m\u00e1s populares en los casinos en l\u00ednea, por no decir que son los m\u00e1s atractivos. Existen miles de estos juegos disponibles, por lo que si eres nuevo en este sector, te podr\u00eda resultar dif\u00edcil elegir a cu\u00e1l jugar. Cada una de las slots disponibles est\u00e1 basadas en una determinada tem\u00e1tica y han sido dise\u00f1adas por diferentes proveedores, por lo que existe un amplio cat\u00e1logo de estos juegos.<\/p>\n<p>Gracias a nuestra amplia experiencia en el sector, creemos que somos los mejores conocedores de los juegos de tragaperras y siempre estamos listos para ayudar. Por lo tanto, hemos creado una lista con las 20 mejores slots para smartphone que puedes encontrar en Internet. \u00a1Mira el cat\u00e1logo a continuaci\u00f3n y prep\u00e1rate para pasar horas jugando a estos divertidos juegos!<\/p>\n<p><!--more--><\/p>\n<p><!--[mobiledevice]-->[gameswithoutfilter title=&#8221;Slots gratis&#8221;]<\/p>\n<h2><strong>Mega Fortune<\/strong><\/h2>\n<p>Mega Fortune es una de las 20 mejores slots para smartphone del mercado actual. Se trata de un juego de tragamonedas desarrollado por NetEnt que cuenta con una estructura de 5 carretes y 25 l\u00edneas de pago. Si tienes la suerte de hacer girar los s\u00edmbolos correctos, esta slot te permitir\u00eda ganar un <em>jackpot<\/em> progresivo gigantesco, que es uno de los principales motivos por los que el juego se hizo tan popular.<\/p>\n<p>Adem\u00e1s, Mega Fortune contiene un juego de bonificaci\u00f3n denominado como Jackpot Wheel of Fortune, que incrementa la emoci\u00f3n y puede acercarte a ganar una gran cantidad de dinero. De la misma manera, algunos afortunados jugadores tambi\u00e9n pueden ganar hasta 15 giros gratis, que vendr\u00edan acompa\u00f1ados adem\u00e1s por un multiplicador X5.<\/p>\n<h2><strong>Hotline<\/strong><\/h2>\n<p>Continuamos nuestra lista con otra slot desarrollada por NetEnt: Hotline. Esta tragaperras est\u00e1 inspirada en los mega-populares programas de detectives de los a\u00f1os 80 que se hicieron famosos en Estados Unidos y el mundo entero. Esta slot, que cuenta con un incre\u00edble RTP del 97.04% te trasladar\u00e1 directamente a las soleadas calles de Miami.<\/p>\n<p>La tragaperras online Hotline se juega en el dise\u00f1o est\u00e1ndar de 5&#215;3 carretes y tiene 30 l\u00edneas de pago. Todos los s\u00edmbolos est\u00e1n relacionados con la tem\u00e1tica del juego e incluyen dos detectives masculinos que intentan atrapar a una bella ladrona. La bonificaci\u00f3n que ofrece Hotline te permitir\u00e1 disfrutar de s\u00edmbolos de expansi\u00f3n y la oportunidad, de este modo, de aumentar tus recompensas. Por todo esto y mucho m\u00e1s, debemos considerar Hotline como una de las 20 mejores slots para smartphone.<\/p>\n<h2><strong>Vikings Go Wild<\/strong><\/h2>\n<p>Yggdrasil nunca decepciona a sus usuarios cuando dise\u00f1a una nueva slot. En este caso, estamos hablando de un t\u00edtulo denominado Vikings Go Wild, el primero de tres juegos de la franquicia Vikings Go X. Los otros dos t\u00edtulos se llaman Vikings Go Berzerk y Vikings Go To Hell.<\/p>\n<p>Los jugadores han recibido con gran inter\u00e9s el lanzamiento de estas tragamonedas debido a sus espectaculares gr\u00e1ficos y animaciones, su atractiva tem\u00e1tica, las muchas bonificaciones que dispone y sus modernas caracter\u00edsticas. Todos los s\u00edmbolos que aparecen est\u00e1n relacionados con el tema del juego, como lo hace tambi\u00e9n la banda sonora que se reproduce de fondo. El RTP promedio para los tres juegos es de alrededor del 96%.<\/p>\n<h2><strong>Battle Tanks<\/strong><\/h2>\n<p>Muchos videojuegos est\u00e1n inspirados en batallas hist\u00f3ricas y, parece que tambi\u00e9n ahora, los juegos de tragaperras tambi\u00e9n muestran esta tem\u00e1tica en sus t\u00edtulos. La slot Battle Tanks es un ejemplo de ello. Dise\u00f1ada por Evoplay, este juego de casino tiene lugar en una ciudad demolida, con un clima sombr\u00edo y una banda sonora triste que se adapta perfectamente a la atm\u00f3sfera general del t\u00edtulo.<\/p>\n<p>Battle Tanks posee 5 carretes y 3 filas, con 9 l\u00edneas de pago. Si tienes la suerte de alinear tres s\u00edmbolos <em>scatter<\/em>, podr\u00e1s ganar 15 tiradas gratis gracias al multiplicador X3. El RTP del juego es del 93,9%.<\/p>\n<h2><strong>Book of Ra Deluxe<\/strong><\/h2>\n<p>La tragamonedas Book of Ra es uno de los juegos del cat\u00e1logo de Novomatic y es probablemente uno de los juegos de casino m\u00e1s populares de la historia. El t\u00edtulo ha sido renovado varias veces para adaptarse a los nuevos tiempos y mejorando cada vez la versi\u00f3n anterior. Sin embargo, el juego conserva la esencia original, con una tem\u00e1tica basada en el antiguo egipcio.<\/p>\n<p>Por otro lado, el t\u00edtulo cuenta con 5 carretes y 10 l\u00edneas de pago. Book of Ra Deluxe no tiene muchos juegos de bonificaci\u00f3n, pero puedes ganar hasta 10 tiradas gratis con los s\u00edmbolos correctos. El RTP es 94.26%, por lo que el pago es bastante bueno.<\/p>\n<h2><strong>Age of the Gods<\/strong><\/h2>\n<p>Continuamos con nuestra lista de los mejores juegos de slots para jugar gratis con un t\u00edtulo con tem\u00e1tica de Dioses. En esta ocasi\u00f3n, hablamos de mitolog\u00eda griega con la tragaperras Age of the Gods. El juego ha sido desarrollado por Playtech, uno de las mejores compa\u00f1\u00edas de software del planeta. El juego cuenta con 5 carretes, 3 filas de s\u00edmbolos y 20 l\u00edneas de pago.<\/p>\n<p>Los s\u00edmbolos del t\u00edtulo est\u00e1n inspirados en los famosos dioses griegos, tales como Zeus, Ares, Poseid\u00f3n o Atenea. El RTP var\u00eda entre el 94.03% y el 95.02%. Adem\u00e1s, los usuarios de Age of the Gods podr\u00e1n optar a conseguir el magn\u00edfico <em>jackpot<\/em> progresivo.<\/p>\n<h2><strong>The Dark Knight Rises<\/strong><\/h2>\n<p>La slot The Dark Knight Rises est\u00e1 basada en la popular pel\u00edcula de Hollywood con el mismo nombre, cuyo protagonista principal es Batman. En este espectacular juego de Microgaming, tendr\u00e1s la posibilidad de conocer de primera mano qu\u00e9 se siente al estar dentro del traje de Batman luchando contra el mal en las calles de Gotham City.<\/p>\n<p>La probabilidad de ganar la tragamonedas The Dark Knight Rises es alta gracias a que el juego cuenta con 243 l\u00edneas de pago disponibles. El dise\u00f1o es de 5&#215;3 carretes, con varias caracter\u00edsticas adicionales disponibles para desbloquear. Una de ellas te permite convertirte en Bane y destruir la ciudad de Gotham. El RTP del juego es del 96.43%.<\/p>\n<h2><strong>Holmes and the Stolen Stones<\/strong><\/h2>\n<p>Es hora de destacar la firma Yggdrasil incluyendo otro de sus espl\u00e9ndidos juegos en la lista. Se trata de Holmes and the Stolen Stones. Esta tragaperras progresiva ha cambiado completamente la forma en la que entendemos los juegos con <em>jackpot<\/em>, debido principalmente a los intrincados gr\u00e1ficos que propone Yggdrasil.<\/p>\n<p>Holmes and the Stolen Stones cuenta con 5 carretes y 20 l\u00edneas de pago. Durante el juego base, deber\u00e1s coleccionar una serie de brillantes cristales. Si consigues 5 de estos cristales, tendr\u00e1s la oportunidad de conseguir el grandioso bote progresivo. El RTP de esta slot es del 96.8%, con otras caracter\u00edsticas de bonificaci\u00f3n a considerar.<\/p>\n<h2><strong>Thunderstruck II<\/strong><\/h2>\n<p>Parece ser que los juegos de slots inspirados en la mitolog\u00eda son muy populares entre los jugadores en la actualidad. En este caso, gracias a Microgaming, viajamos a regiones del norte de Europa para conocer m\u00e1s sobre la mitolog\u00eda n\u00f3rdica.<\/p>\n<p>Thunderstruck II muestra una importante mejora en t\u00e9rminos de gr\u00e1ficos en comparaci\u00f3n con la primera edici\u00f3n del juego. El juego cuenta con 5 carretes y 243 l\u00edneas de pago, por lo que hay m\u00faltiples maneras de ganar. Adem\u00e1s, este juego de casino cuenta con atractivos juegos de bonificaci\u00f3n y un RTP bastante decente del 96.41%.<\/p>\n<h2><strong>Starburst<\/strong><\/h2>\n<p>La tragaperras Starburst, desarrollada por NetEnt, es definitivamente uno de los juegos m\u00e1s populares de todos los tiempos. Por tanto, debemos considerarla como una de las 20 mejores slots para Smartphone. Esto significa que podr\u00e1s encontrar dicho juego en pr\u00e1cticamente todos los casinos online del mundo. El t\u00edtulo cuenta con una tem\u00e1tica espacial sorprendentemente simple, algo que no impide que miles de usuarios sigan jugando regularmente.<\/p>\n<p>La slot posee una jugabilidad bastante sencilla, ya que presenta un dise\u00f1o de carrete de 5&#215;3 con solo 10 l\u00edneas de pago. Tambi\u00e9n cuenta con un juego de bonificaci\u00f3n de alto pago que se activa con bastante frecuencia. Los efectos visuales y de sonido, que provocan un ambiente fascinante, son dos de los puntos m\u00e1s fuertes de Starburst.<\/p>\n<h2><strong>Planet of the Apes<\/strong><\/h2>\n<p>La tragaperras online Planet of the Apes est\u00e1 inspirada en la popular pel\u00edcula de Hollywood, aunque no importa si la has visto o no para poder disfrutar del juego. Esta slot, creada por NetEnt, es un t\u00edtulo recomendable para todos los jugadores a los que les gusten juegos \u00fanicos.<\/p>\n<p>Planet of the Apes cuenta con una estructura de doble carrete, cada uno con 5 carretes, 3 filas de s\u00edmbolos \u00fanicos y caracter\u00edsticas de bonificaci\u00f3n. Es como si jugaras a dos tragamonedas a la vez por el precio de una. Adem\u00e1s, cuenta con un s\u00f3lido RTP del 96.3%.<\/p>\n<h2><strong>Laser Fruit<\/strong><\/h2>\n<p>Laser Fruit es una tragamonedas online creada por el desarrollador Red Tiger Gaming. El t\u00edtulo tiene un dise\u00f1o que recuerda a los tradicionales juegos de slots, pero con una serie de caracter\u00edsticas modernas para ofrecer a los jugadores nuevas y excitantes partidas.<\/p>\n<p>Laser Fruit tiene un RTP aparentemente bajo del 92.1%, pero debemos tener en cuenta que tambi\u00e9n posee hasta 60.466.176 l\u00edneas de pago. Por lo tanto, conseguir una combinaci\u00f3n ganadora en los cinco carretes del juego (que pueden llegar a convertirse en seis) no ser\u00e1 tan dif\u00edcil como crees.<\/p>\n<h2><strong>Book of Dead<\/strong><\/h2>\n<p>Si todav\u00eda no has jugado a la slot Book of Dead, un juego desarrollado por Play\u00b4n GO, \u00bfpuedes considerarte realmente un apasionado de las tragaperras? Este es un juego cl\u00e1sico creado hace alg\u00fan tiempo, pero que todav\u00eda cuenta con muchos aficionados.<\/p>\n<p>El t\u00edtulo es tan simple como parece, con 5 carretes y 10 l\u00edneas de pago, y solo una funci\u00f3n adicional: los giros gratis. Puedes ganar 10 tiradas gratis con la posibilidad de reactivarlas, algo que no es demasiado dif\u00edcil de hacer. El RTP del juego es del 94.17%, que est\u00e1 alrededor del promedio de la industria.<\/p>\n<h2><strong>Gonzo\u2019s Quest<\/strong><\/h2>\n<p>Si cuando eras un ni\u00f1o so\u00f1abas con explorar el mundo y encontrar tesoros perdidos, entonces te encantar\u00e1 esta tragamonedas creada por NetEnt. En el juego, considerado como una de las 20 mejores slots para smartphone, deber\u00e1s ayudar a Gonzo a encontrar la ciudad perdida de El Dorado, de la que hablan muchas historias.<\/p>\n<p>El juego de tragamonedas Gonzo\u2019s Quest presenta 5 carretes en cascada y 20 l\u00edneas de pago, por lo que la emoci\u00f3n est\u00e1 garantizada. El RTP del juego se mantiene en el 96%, una cifra est\u00e1ndar para NetEnt. Del mismo modo, la slot permite ganar hasta 20 giros gratis con un multiplicador de hasta x15. Todo eso se traduce en la posibilidad de conseguir varios premios importantes.<\/p>\n<h2><strong>Wolf Gold<\/strong><\/h2>\n<p>Wolf Gold es la primera tragaperras online de Pragmatic Play de nuestra lista. Sin embargo, si este cat\u00e1logo fuera m\u00e1s extenso, no cabe duda que habr\u00eda m\u00e1s juegos de este proveedor. Wolf Gold es una slot elegantemente dise\u00f1ada y de gran colorido que se juega en un dise\u00f1o de 5&#215;3 carretes y 25 l\u00edneas de pago. Los s\u00edmbolos del juego est\u00e1n representados por algunos de los animales m\u00e1s incre\u00edbles de la naturaleza, tales como el lobo, el le\u00f3n de monta\u00f1a, el b\u00fafalo o el caballo.<\/p>\n<p>Las caracter\u00edsticas de bonificaci\u00f3n incluyen giros gratis y re spins, lo que tambi\u00e9n te da la oportunidad de ganar el bote acumulado en el Mega Jackpot. El 96% de RTP es bastante decente, por lo que muchos jugadores consiguen premios de bajo y medio nivel.<\/p>\n<h2><strong>Jumanji<\/strong><\/h2>\n<p>Tenemos que volver a visitar la factor\u00eda NetEnt para disfrutar del pr\u00f3ximo juego, basado en un \u00e9xito del cine moderno: Jumanji. De la misma manera que fue un t\u00edtulo aclamado en los cines, Jumanji se ha convertido en una de las mejores slots del mercado, de acuerdo con muchos jugadores. El juego, que posee un RTP del 96.33%, cuenta con 5 carretes y 36 l\u00edneas de pago.<\/p>\n<p>Con impresionantes funciones de bonificaci\u00f3n apareciendo cada poco tiempo, hay pocas posibilidades que los usuarios acaben aburri\u00e9ndose de jugar a este espectacular juego de casino. La distribuci\u00f3n de los s\u00edmbolos en la tragamonedas Jumanji tambi\u00e9n es \u00fanica, por lo que te invitamos a que pruebes el juego y descubras esta y otras particularidades por ti mismo.<\/p>\n<h2><strong>Extra Chilli<\/strong><\/h2>\n<p>\u00bfEs la comida mexicana una de tus preferidas? Si te gusta la comida picante es muy probable que tambi\u00e9n disfrutes de la slot de Big Time Gaming: Extra Chilli. El juego posee unos gr\u00e1ficos fant\u00e1sticos y decenas de detalles interesantes, lo que ayuda a que los usuarios siempre est\u00e9n entrentenidos.<\/p>\n<p>La tragamonedas Extra Chilli cuenta con 6 carretes y posee un enorme n\u00famero de l\u00edneas de pago: 117.649 en concreto. De esta manera, como puedes suponer, ganar una ronda no es nada dif\u00edcil en este juego. El RTP oscila entre 96.15% y 96.82%, dependiendo de las caracter\u00edsticas activas.<\/p>\n<h2><strong>Fortunium<\/strong><\/h2>\n<p>La slot online Fortunium es obra de un proveedor de juegos de casino poco conocido: StormCraft Studios. Sin embargo, esto no hace que el juego sea inferior en ning\u00fan aspecto al resto de t\u00edtulos que forman parte de este cat\u00e1logo. Al contrario, puesto que rompe con ciertos l\u00edmites establecidos y nos muestra lo que podr\u00edan parecer las slots en el futuro, convirti\u00e9ndola en una de las 20 mejores slots para smartphone.<\/p>\n<p>Dicha slot est\u00e1 inspirada en el popular movimiento art\u00edstico denominado Steampunk, representado en muchas pel\u00edculas de Hollywood. Fortunium cuenta con un dise\u00f1o de 5&#215;5 carretes y 40 l\u00edneas de pago. Adem\u00e1s, posee un RTP del 96.47% y tres fant\u00e1sticas funciones de bonificaci\u00f3n.<\/p>\n<h2><strong>Diamond Mine<\/strong><\/h2>\n<p>Diamond Mine es un juego de tragamonedas desarrollado por Blueprint Gaming que posee en un interesante dise\u00f1o de carrete. En este caso, la slot cuenta con 6 carretes en total, pero el n\u00famero de s\u00edmbolos en cada carrete cambia con cada giro.<\/p>\n<p>Este juego de casino ha sido dise\u00f1ado para parecer una mina de verdad, por lo que simplemente tendr\u00e1s que comenzar a cavar para encontrar el oro. El RTP de Diamond Mine se eleva hasta el 96.43% y cuenta con varias funciones de bonificaci\u00f3n que otorgan giros gratis, s\u00edmbolos en cascada y s\u00edmbolos misteriosos TNT.<\/p>\n<h2><strong>Cleopatra<\/strong><\/h2>\n<p>Cerramos nuestra lista de las 20 slots para tel\u00e9fonos m\u00f3vil m\u00e1s populares con un juego creado por IGT llamado Cleopatra. Como habr\u00e1s podido intuir, la m\u00e1s bella princesa egipcia es la protagonista de este juego de casino online.<\/p>\n<p>La slot Cleopatra se juega en 5 carretes y 20 l\u00edneas de pago y te ofrece la posibilidad de ganar un lucrativo bote progresivo. Sin embargo, si no eres tan afortunado, puedes incrementar el balance de tu <em>bankroll<\/em> activando los giros gratis con el multiplicador x3.<\/p>\n<p>&nbsp;<\/p>\n","protected":false},"excerpt":{"rendered":"<p>Top 20 juegos de slots para jugar gratis Actualmente, las slots son uno de los juegos m\u00e1s populares en los casinos en l\u00ednea, por no decir que son los m\u00e1s atractivos. Existen miles de estos juegos disponibles, por lo que si eres nuevo en este sector, te podr\u00eda resultar dif\u00edcil elegir a cu\u00e1l jugar. Cada [&hellip;]<\/p>\n","protected":false},"author":3,"featured_media":0,"parent":0,"menu_order":0,"comment_status":"closed","ping_status":"closed","template":"","meta":{"_acf_changed":false,"footnotes":""},"class_list":["post-39","page","type-page","status-publish","hentry"],"acf":[],"yoast_head":"<!-- This site is optimized with the Yoast SEO plugin v27.2 - https:\/\/yoast.com\/product\/yoast-seo-wordpress\/ -->\n<title>Las 20 mejores slots para Smartphone - Juega gratis o con dinero real<\/title>\n<meta name=\"description\" content=\"En esta p\u00e1gina te mostramos las 20 mejores slots para Smartphone. Ya puedes jugar a estas tragaperras en tu casino online gratis o con dinero real.\" \/>\n<meta name=\"robots\" content=\"index, follow, max-snippet:-1, max-image-preview:large, max-video-preview:-1\" \/>\n<link rel=\"canonical\" href=\"https:\/\/www.sosgame.com\/es\/las-20-mejores-slots-smartphone-para-jugar-gratis-o-con-dinero-real\" \/>\n<meta property=\"og:locale\" content=\"es_ES\" \/>\n<meta property=\"og:type\" content=\"article\" \/>\n<meta property=\"og:title\" content=\"Las 20 mejores slots para Smartphone - Juega gratis o con dinero real\" \/>\n<meta property=\"og:description\" content=\"En esta p\u00e1gina te mostramos las 20 mejores slots para Smartphone. Ya puedes jugar a estas tragaperras en tu casino online gratis o con dinero real.\" \/>\n<meta property=\"og:url\" content=\"https:\/\/www.sosgame.com\/es\/las-20-mejores-slots-smartphone-para-jugar-gratis-o-con-dinero-real\" \/>\n<meta property=\"og:site_name\" content=\"ES\" \/>\n<meta property=\"article:modified_time\" content=\"2020-01-23T14:00:39+00:00\" \/>\n<meta name=\"twitter:card\" content=\"summary_large_image\" \/>\n<meta name=\"twitter:label1\" content=\"Est. reading time\" \/>\n\t<meta name=\"twitter:data1\" content=\"13 minutes\" \/>\n<!-- \/ Yoast SEO plugin. -->","yoast_head_json":{"title":"Las 20 mejores slots para Smartphone - Juega gratis o con dinero real","description":"En esta p\u00e1gina te mostramos las 20 mejores slots para Smartphone. Ya puedes jugar a estas tragaperras en tu casino online gratis o con dinero real.","robots":{"index":"index","follow":"follow","max-snippet":"max-snippet:-1","max-image-preview":"max-image-preview:large","max-video-preview":"max-video-preview:-1"},"canonical":"https:\/\/www.sosgame.com\/es\/las-20-mejores-slots-smartphone-para-jugar-gratis-o-con-dinero-real","og_locale":"es_ES","og_type":"article","og_title":"Las 20 mejores slots para Smartphone - Juega gratis o con dinero real","og_description":"En esta p\u00e1gina te mostramos las 20 mejores slots para Smartphone. Ya puedes jugar a estas tragaperras en tu casino online gratis o con dinero real.","og_url":"https:\/\/www.sosgame.com\/es\/las-20-mejores-slots-smartphone-para-jugar-gratis-o-con-dinero-real","og_site_name":"ES","article_modified_time":"2020-01-23T14:00:39+00:00","twitter_card":"summary_large_image","twitter_misc":{"Est. reading time":"13 minutes"},"schema":{"@context":"https:\/\/schema.org","@graph":[{"@type":"WebPage","@id":"https:\/\/www.sosgame.com\/es\/las-20-mejores-slots-smartphone-para-jugar-gratis-o-con-dinero-real","url":"https:\/\/www.sosgame.com\/es\/las-20-mejores-slots-smartphone-para-jugar-gratis-o-con-dinero-real","name":"Las 20 mejores slots para Smartphone - Juega gratis o con dinero real","isPartOf":{"@id":"https:\/\/www.sosgame.com\/es\/#website"},"datePublished":"2019-08-08T11:01:13+00:00","dateModified":"2020-01-23T14:00:39+00:00","description":"En esta p\u00e1gina te mostramos las 20 mejores slots para Smartphone. Ya puedes jugar a estas tragaperras en tu casino online gratis o con dinero real.","breadcrumb":{"@id":"https:\/\/www.sosgame.com\/es\/las-20-mejores-slots-smartphone-para-jugar-gratis-o-con-dinero-real#breadcrumb"},"inLanguage":"es-ES","potentialAction":[{"@type":"ReadAction","target":["https:\/\/www.sosgame.com\/es\/las-20-mejores-slots-smartphone-para-jugar-gratis-o-con-dinero-real"]}]},{"@type":"BreadcrumbList","@id":"https:\/\/www.sosgame.com\/es\/las-20-mejores-slots-smartphone-para-jugar-gratis-o-con-dinero-real#breadcrumb","itemListElement":[{"@type":"ListItem","position":1,"name":"Home","item":"https:\/\/www.sosgame.com\/es"},{"@type":"ListItem","position":2,"name":"Las 20 mejores slots para Smartphone &#8211; Juega gratis o con dinero real"}]},{"@type":"WebSite","@id":"https:\/\/www.sosgame.com\/es\/#website","url":"https:\/\/www.sosgame.com\/es\/","name":"ES","description":"School of Slots Game","potentialAction":[{"@type":"SearchAction","target":{"@type":"EntryPoint","urlTemplate":"https:\/\/www.sosgame.com\/es\/?s={search_term_string}"},"query-input":{"@type":"PropertyValueSpecification","valueRequired":true,"valueName":"search_term_string"}}],"inLanguage":"es-ES"}]}},"_links":{"self":[{"href":"https:\/\/www.sosgame.com\/es\/wp-json\/wp\/v2\/pages\/39","targetHints":{"allow":["GET"]}}],"collection":[{"href":"https:\/\/www.sosgame.com\/es\/wp-json\/wp\/v2\/pages"}],"about":[{"href":"https:\/\/www.sosgame.com\/es\/wp-json\/wp\/v2\/types\/page"}],"author":[{"embeddable":true,"href":"https:\/\/www.sosgame.com\/es\/wp-json\/wp\/v2\/users\/3"}],"replies":[{"embeddable":true,"href":"https:\/\/www.sosgame.com\/es\/wp-json\/wp\/v2\/comments?post=39"}],"version-history":[{"count":0,"href":"https:\/\/www.sosgame.com\/es\/wp-json\/wp\/v2\/pages\/39\/revisions"}],"wp:attachment":[{"href":"https:\/\/www.sosgame.com\/es\/wp-json\/wp\/v2\/media?parent=39"}],"curies":[{"name":"wp","href":"https:\/\/api.w.org\/{rel}","templated":true}]}}