{"id":37,"date":"2019-07-10T15:24:10","date_gmt":"2019-07-10T15:24:10","guid":{"rendered":"https:\/\/www.sosgame.com\/es\/?page_id=37"},"modified":"2020-01-23T13:58:35","modified_gmt":"2020-01-23T13:58:35","slug":"proveedores-software-slots","status":"publish","type":"page","link":"https:\/\/www.sosgame.com\/es\/proveedores-software-slots","title":{"rendered":"Cat\u00e1logo con m\u00e1s de 300 slots &#8211; Proveedores de tragamonedas online"},"content":{"rendered":"<p>Tiempo atr\u00e1s, cuando no exist\u00eda Internet, los usuarios que jugaban a las m\u00e1quinas tragaperras en casinos f\u00edsicos no prestaban atenci\u00f3n a los proveedores de slots. Lo cierto es que, en dicha \u00e9poca, no hab\u00eda muchas empresas dedicadas a la creaci\u00f3n de slots y la oferta de juegos de este tipo no era mucho mayor.<\/p>\n<p>Sin embargo, todo comenz\u00f3 a cambiar con la llegada de los primeros casinos online y la r\u00e1pida expansi\u00f3n de Internet por todo el mundo. De repente, esto provoc\u00f3 la aparici\u00f3n de nuevas y diferentes slots. Del mismo modo, los usuarios se mostraban ansiosos por probar nuevo contenido, lo que facilit\u00f3 el camino para la creaci\u00f3n de nuevos proveedores de slots, que emergieron por decenas en un corto per\u00edodo de tiempo. Al igual que en cualquier otro sector, hubo proveedores de slots que tuvieron \u00e9xito y otros fracasaron, pero s\u00f3lo uno pocos fueron capaces de preservar la calidad de sus juegos.<\/p>\n<p>De esta manera, hemos recopilado un completo listado con los mejores proveedores de slots, tanto las marcas que a\u00fan permanecen activas como aquellas que dejaron de operar hace alg\u00fan tiempo. Te damos la oportunidad de esta manera de conocer tanto las marcas m\u00e1s famosas de la historia como los desarrolladores de slots online y para casinos f\u00edsicos m\u00e1s populares de la actualidad.<\/p>\n<p><!--more--><\/p>\n<h2><strong>Desarrolladores de slots activos<\/strong><\/h2>\n<p>[providers][gameswithoutfilter]<\/p>\n<h2><strong>Desarrolladores de tragaperras online vs desarrolladores de slots para casinos f\u00edsicos. \u00bfCu\u00e1l es la diferencia?<\/strong><\/h2>\n<p>Tanto los desarrolladores de slots online como los desarrolladores de slots para casinos f\u00edsicos poseen ciertas ventajas y desventajas, pero si tenemos que elegir la mejor opci\u00f3n, definitivamente seleccionar\u00edamos las tragaperras en l\u00ednea. Te mostramos a continuaci\u00f3n las razones.<\/p>\n<p>La principal ventaja que poseen las slots para casinos f\u00edsicos es el ambiente que el jugador vive en la propia sala de juegos. La m\u00fasica de ambiente, el resto de usuarios charlando y los diferentes sonidos de las slots al conseguir premios es una sensaci\u00f3n \u00fanica que todo aficionado a este juego deber\u00eda vivir.<\/p>\n<p>Por otro lado, existe un mayor n\u00famero de slots online donde elegir, con m\u00faltiples tem\u00e1ticas, lo que permite que cualquier jugador pueda encontrar un juego que se adapte a sus gustos. Adem\u00e1s, la voraz competencia existente entre los diferentes proveedores de slots online provoca que se dise\u00f1en cada vez mejores juegos, algo que no sucede en el segmento de los casinos f\u00edsicos. En este sentido, si bien existen magn\u00edficas slots en los casinos f\u00edsicos, todav\u00eda se encuentra por detr\u00e1s en t\u00e9rminos de calidad de las tragaperras online.<\/p>\n<p>En cualquier caso, la principal diferencia entre ambos tipos de slots es sin lugar a dudas el n\u00famero de jugadores que pueden jugar a un juego al mismo tiempo. Es decir, cuando un jugador decide jugar a una slot en un casino f\u00edsico, nadie m\u00e1s podr\u00e1 jugar a dicho juego mientras que dicho usuario permanezca frente a la m\u00e1quina. Sin embargo, es posible que cientos de jugadores jueguen de forma simult\u00e1nea a la misma tragamonedas en un casino online.<\/p>\n<p>De ello se deduce que existen m\u00e1s desarrolladores de slots online que entidades que se dedican a crear m\u00e1quinas tragaperras para casinos f\u00edsicos. De hecho, ninguna empresa se centra exclusivamente en crear m\u00e1quinas tragamonedas para casinos f\u00edsicos, sino que incluso los proveedores de slots m\u00e1s tradicionales est\u00e1n adaptando su oferta a los jugadores de tragaperras online. Echemos un vistazo a algunos de los proveedores de slots para casinos en l\u00ednea y salas de juego f\u00edsicas.<\/p>\n<h2><strong>Proveedores de slots para casinos f\u00edsicos<\/strong><\/h2>\n<p>Vamos a enumerar algunos de los proveedores de tragaperras para casinos f\u00edsicos m\u00e1s populares. Debes tener en cuenta que algunos de ellos tambi\u00e9n dise\u00f1an juegos para casinos online, pero al contrario que otras firmas, estas tambi\u00e9n lo hacen para casinos f\u00edsicos.<\/p>\n<h3><strong>Proveedores de Las Vegas<\/strong><\/h3>\n<p>Las Vegas es el hogar de algunos de los dise\u00f1adores de slots m\u00e1s destacados para salas de casino f\u00edsicos en la actualidad. Algunas de estas compa\u00f1\u00edas son: High 5 Games, WMS, IGT y Bally.<\/p>\n<p>[contentbox title=&#8221;High 5 Games&#8221; image=&#8221;https:\/\/www.sosgame.com\/images\/softwares\/h5g.png&#8221;]<\/p>\n<p>High 5 Games se fund\u00f3 tiempo atr\u00e1s en el a\u00f1o 1.995, pero dise\u00f1aron su primera slot en el a\u00f1o 2.002.<\/p>\n<p>Hasta la fecha de hoy, esta entidad cuenta con m\u00e1s de 300 juegos de slots en su cat\u00e1logo, que est\u00e1n disponibles en 50 pa\u00edses alrededor de todo el mundo.<\/p>\n<p>Algunos de los juegos m\u00e1s populares de este proveedor son: <strong>Da Vinci Diamonds, Cats, Golden Goddess y Black Widow<\/strong>.[\/contentbox]<\/p>\n<p>[contentbox title=&#8221;WMS&#8221; image=&#8221;https:\/\/www.sosgame.com\/images\/softwares\/WMS-Gaming_1.png&#8221;]<\/p>\n<p>WMS Gaming se fund\u00f3 en 1.991 y lleg\u00f3 al sector del casino en el a\u00f1o 1.994. Su primera m\u00e1quina tragaperras, que se llam\u00f3 Reel \u2018em, se convirti\u00f3 en un t\u00edtulo popular de forma instant\u00e1nea.<\/p>\n<p>A este juego le siguieron otras creaciones como <strong>Jackpot Party, Boom y Filthy Rich<\/strong>.<\/p>\n<p>A pesar de que todav\u00eda se dedican al dise\u00f1o de juegos para casinos f\u00edsicos, tambi\u00e9n comenzaron a crear slots online, segmento en el que igualmente han conseguido grandes \u00e9xitos.[\/contentbox]<\/p>\n<p>[contentbox title=&#8221;IGT&#8221; image=&#8221;https:\/\/www.sosgame.com\/images\/softwares\/igt-slots.png&#8221;]<\/p>\n<p>International Game Technology PLC (IGT) fue fundada en el a\u00f1o 1.990 y la sede de la entidad se encuentra actualmente en el Reino Unido, m\u00e1s concretamente en Londres.<\/p>\n<p>Hablamos de uno de los desarrolladores de slots m\u00e1s exitosos de todos los tiempos, que posee una oferta de juegos tanto para casinos f\u00edsicos como online.[\/contentbox]<\/p>\n<p>[contentbox title=&#8221;Bally&#8221; image=&#8221;https:\/\/www.sosgame.com\/images\/softwares\/Bally_1.png&#8221;]<\/p>\n<p>Bally es una de las entidades pioneras en el sector de las slots, puesto que se fund\u00f3 en el a\u00f1o 1.968, siendo de este modo uno de los proveedores m\u00e1s antiguos de todo el mundo.<\/p>\n<p>Desde su fundaci\u00f3n, su principal objetivo ha sido el de preservar la calidad de sus juegos de tragamonedas, estando algunos de ellos disponibles online.<\/p>\n<p>Han sido parte de Scientific Games desde 2.014, se ha convertido en una de las marcas principales de dicha sociedad junto con WMS.[\/contentbox]<\/p>\n<h3><strong>Otros proveedores de tragamonedas<br \/>\n<\/strong><\/h3>\n<p>Existen otros proveedores de tragamonedas para casinos f\u00edsicos que tambi\u00e9n han prosperado en otras localizaciones fuera de Las Vegas. Aunque su oferta inclu\u00eda habitualmente m\u00e1quinas tragaperras, la mayor\u00eda de ellas se centra ahora en la creaci\u00f3n de slots online.<\/p>\n<p>[contentbox title=&#8221;Playtech&#8221; image=&#8221;https:\/\/www.sosgame.com\/images\/softwares\/playtech_1.png&#8221;]<\/p>\n<p>Playtech comenz\u00f3 a desarrollar m\u00e1quinas slots en el a\u00f1o 1.999 y empez\u00f3 a dise\u00f1ar juegos de tragaperras para el mercado online poco despu\u00e9s. A pesar de esto, a\u00fan cumple un importante papel en el segmento de slots para casinos f\u00edsicos.<\/p>\n<p>Uno de los aspectos por los que destaca esta marca es porque posee la licencia para para dise\u00f1ar juegos con tem\u00e1tica de superh\u00e9roes como <strong>X-Men, Iron Man, Hulk<\/strong> y muchos m\u00e1s.[\/contentbox]<\/p>\n<p>[contentbox title=&#8221;Barcrest&#8221; image=&#8221;https:\/\/www.sosgame.com\/images\/softwares\/barcrest.png&#8221;]<\/p>\n<p>Barcrest tambi\u00e9n es parte de Scientific Games actualmente, pero cuenta con una larga tradici\u00f3n en torno al segmento de las tragamonedas para casinos f\u00edsicos.<\/p>\n<p>De hecho, han celebrado recientemente su cincuenta aniversario.<\/p>\n<p>Algunas de sus slots online m\u00e1s populares son: <strong>Rainbow Riches, Merry Money o Top Spot<\/strong>.[\/contentbox]<\/p>\n<p>[contentbox title=&#8221;Novomatic&#8221; image=&#8221;https:\/\/www.sosgame.com\/images\/softwares\/Novomatic_1.png&#8221;]<\/p>\n<p>Novomatic fue fundada en 1.980 por el billonario Johann Graf.<\/p>\n<p>Esta compa\u00f1\u00eda ha sido uno de los mayores proveedores de juegos de casino en Europa y actualmente es considerada como una de las entidades m\u00e1s exitosas del sector de las slots en todo el mundo.[\/contentbox]<\/p>\n<p>[contentbox title=&#8221;Blueprint&#8221; image=&#8221;https:\/\/www.sosgame.com\/images\/softwares\/Blueprint-Gaming_1.png&#8221;]<\/p>\n<p>Blueprint Gaming es uno de los desarrolladores l\u00edderes del sector en el Reino Unido.<\/p>\n<p>Adem\u00e1s de crear slots para los casinos online de todo el mundo, construyen terminales de juego para casinos, de los que tienen repartidos por todo el Reino Unido m\u00e1s de 100 mil.[\/contentbox]<\/p>\n<h2><strong>Proveedores de slots online<\/strong><\/h2>\n<p>Veamos algunos de los proveedores de software para tragaperras en l\u00ednea m\u00e1s populares de la actualidad. Debemos destacar que NetEnt y Microgaming son las dos principales compa\u00f1\u00edas que encabezan la lista en este momento.<\/p>\n<p>[contentbox title=&#8221;NetEnt&#8221; image=&#8221;https:\/\/www.sosgame.com\/images\/softwares\/NetEnt_1.png&#8221;]<\/p>\n<p>Desde el comienzo, NetEnt ha estado siempre a la vanguardia del sector del juego, creando novedosas slots y rompiendo con los moldes preestablecidos en esta industria.<\/p>\n<p>Puedes encontrar sus juegos en la mayor\u00eda de casinos en l\u00ednea. Algunos de estas slots han creado todo un culto entre muchos de los jugadores que han jugado a ellas.<\/p>\n<p>Si te considerar un seguidor del sector de las tragamonedas, entonces habr\u00e1s o\u00eddo hablar muy probablemente de t\u00edtulos como <strong>Starburst, Gonzo\u00b4s Quest, Vikings o Guns N\u00b4Roses<\/strong>.[\/contentbox]<\/p>\n<p>[contentbox title=&#8221;Microgaming&#8221; image=&#8221;https:\/\/www.sosgame.com\/images\/softwares\/microgaming_1.png&#8221;]<\/p>\n<p>Microgaming es el segundo proveedor de slots para casinos online m\u00e1s popular. Esta firma comenz\u00f3 a operar en 1.994 y fue ascendiendo gradualmente hasta lo m\u00e1s alto.<\/p>\n<p>Sus tragaperras est\u00e1n basadas en interesantes tem\u00e1ticas y muchas de ellas incluyen botes progresivos. De hecho, <strong>Mega Moolah<\/strong> es actualmente la slot online con un bote progresivo m\u00e1s popular del sector, gracias a lo que muchos jugadores se han hecho millonarios.<\/p>\n<p>Otros t\u00edtulos populares de este desarrollador incluyen: <strong>Immortal Romance, Wild Scarabs, Thunderstruck II, Major Million, Jurassic World o Game of Thrones<\/strong>.[\/contentbox]<\/p>\n<p>[contentbox title=&#8221;Play\u2019n GO&#8221; image=&#8221;https:\/\/www.sosgame.com\/images\/softwares\/PlaynGO_1.png&#8221;]<\/p>\n<p>Play\u2019n GO es una entidad que pone especial atenci\u00f3n a la jugabilidad, los gr\u00e1ficos y las animaciones de todos sus t\u00edtulos, lo que captura la atenci\u00f3n de los jugadores especialmente interesados en juegos de tragaperras online con dise\u00f1os atractivos.<\/p>\n<p>Algunas de las slots m\u00e1s populares de este desarrollador son <strong>Book of Dead, Rise of Olympus, Star Joker, Fire Joker y Gunslinger<\/strong>.[\/contentbox]<\/p>\n<p>[contentbox title=&#8221;Eyecon&#8221; image=&#8221;https:\/\/www.sosgame.com\/images\/softwares\/eyecon.png&#8221;]<\/p>\n<p>Eyecon comenz\u00f3 su andadura como desarrollador de juegos en 1.997 con su popular t\u00edtulo Gore.<\/p>\n<p>Sin embargo, poco despu\u00e9s decidi\u00f3 concentrar sus esfuerzos en los juegos de casino, dise\u00f1ando interesantes tragaperras online desde entonces.<\/p>\n<p>Hasta la fecha, las slots m\u00e1s populares de Eyecon son <strong>Fluffy Favourites, Shaman\u2019s Dream, Temple of Isis, Fireworks Frenzy, y White Wizzard<\/strong>.[\/contentbox]<\/p>\n<p>[contentbox title=&#8221;Big Time Gaming&#8221; image=&#8221;https:\/\/www.sosgame.com\/images\/softwares\/Big-Time-Gaming_1.png&#8221;]<\/p>\n<p>Big Time Gaming (conocido tambi\u00e9n como BTG) ofrece una amplia variedad de juegos de casino.<\/p>\n<p>Uno de los aspectos por los que destacan es por ofrecer sus slots en m\u00faltiples idiomas.<\/p>\n<p>Por el momento, puedes encontrar un cat\u00e1logo de tragamonedas online en 20 idiomas, incluyendo chino, ruso y japon\u00e9s.[\/contentbox]<\/p>\n<p>[contentbox title=&#8221;Pragmatic Play&#8221; image=&#8221;https:\/\/www.sosgame.com\/images\/softwares\/pragmatic-play.png&#8221;]<\/p>\n<p>Pragmatic Play est\u00e1 catalogada como uno de los proveedores de juegos de casino en l\u00ednea de m\u00e1s r\u00e1pido crecimiento. Algunos de sus juegos de slots m\u00e1s populares son <strong>Wolf Gold, Leprechaun Carol, Great Rhino, Asgard, Chilli Heat y Da Vinci&#8217;s Treasure<\/strong>.[\/contentbox]<\/p>\n<p>[contentbox title=&#8221;NextGen&#8221; image=&#8221;https:\/\/www.sosgame.com\/images\/softwares\/nextgen.png&#8221;]<\/p>\n<p>NextGen Gaming ha seguido de cerca las tendencias de la industria del juego, lo que le ha permitido mantenerse siempre cerca de la cima.<\/p>\n<p>La entidad fue fundada en 1.999 y ha estado desarrollando un excepcional trabajo en lo que respecta a la calidad de sus juegos.<\/p>\n<p>Algunos de los t\u00edtulos m\u00e1s exitosos son <strong>Foxin Wins, Jackpot Jester, Wild Plunder y 300 Shields<\/strong>.[\/contentbox]<\/p>\n<p>[contentbox title=&#8221;Yggdrasil&#8221; image=&#8221;https:\/\/www.sosgame.com\/images\/softwares\/Yggdrasil-Gaming_1.png&#8221;]<\/p>\n<p>Yggdrasil es uno de los proveedores de juegos de casino l\u00edderes del mercado.<\/p>\n<p>Las slots son una parte de su gran oferta, puesto que la compa\u00f1\u00eda desarrolla adem\u00e1s otros juegos relacionados con la loter\u00eda, Keno y muchos m\u00e1s.<\/p>\n<p>Entre su cat\u00e1logo de tragaperras podemos destacar: <strong>Champions of Rome, Orient Express, Golden Fish Tank y Holmes and the Stolen Stones<\/strong>.[\/contentbox]<\/p>\n<p><strong>Menciones especiales<\/strong><\/p>\n<p>El n\u00famero total de proveedores de slots online es enorme, por lo que no podemos describirlos a todos aqu\u00ed. En cualquier caso, s\u00ed hemos querido mencionarlo, ya que son desarrolladores que tambi\u00e9n han contribuido a la mejora del sector. Entre otros, merecen una menci\u00f3n especial: iSoftBet, Lightning Box, Thunderkick, Quickspin y Playson.<\/p>\n<p>Por supuesto, si deseas consultar las slots de algunos de los proveedores que no se describen en esta secci\u00f3n, aseg\u00farate de revisar la lista al principio de este art\u00edculo, ya que contiene todos los proveedores activos e inactivos de tragaperras online en la actualidad.<\/p>\n","protected":false},"excerpt":{"rendered":"<p>Tiempo atr\u00e1s, cuando no exist\u00eda Internet, los usuarios que jugaban a las m\u00e1quinas tragaperras en casinos f\u00edsicos no prestaban atenci\u00f3n a los proveedores de slots. Lo cierto es que, en dicha \u00e9poca, no hab\u00eda muchas empresas dedicadas a la creaci\u00f3n de slots y la oferta de juegos de este tipo no era mucho mayor. Sin [&hellip;]<\/p>\n","protected":false},"author":3,"featured_media":0,"parent":0,"menu_order":0,"comment_status":"closed","ping_status":"closed","template":"","meta":{"_acf_changed":false,"footnotes":""},"class_list":["post-37","page","type-page","status-publish","hentry"],"acf":[],"yoast_head":"<!-- This site is optimized with the Yoast SEO plugin v27.2 - https:\/\/yoast.com\/product\/yoast-seo-wordpress\/ -->\n<title>Cat\u00e1logo con m\u00e1s de 300 Slots - Proveedores de tragaperras y sus juegos<\/title>\n<meta name=\"description\" content=\"Te mostramos un cat\u00e1logo con m\u00e1s de 300 proveedores de slots online y una detallada rese\u00f1a de cada uno de ellos. Adem\u00e1s, podr\u00e1s jugar gratis a sus juegos.\" \/>\n<meta name=\"robots\" content=\"index, follow, max-snippet:-1, max-image-preview:large, max-video-preview:-1\" \/>\n<link rel=\"canonical\" href=\"https:\/\/www.sosgame.com\/es\/proveedores-software-slots\" \/>\n<meta property=\"og:locale\" content=\"es_ES\" \/>\n<meta property=\"og:type\" content=\"article\" \/>\n<meta property=\"og:title\" content=\"Cat\u00e1logo con m\u00e1s de 300 Slots - Proveedores de tragaperras y sus juegos\" \/>\n<meta property=\"og:description\" content=\"Te mostramos un cat\u00e1logo con m\u00e1s de 300 proveedores de slots online y una detallada rese\u00f1a de cada uno de ellos. Adem\u00e1s, podr\u00e1s jugar gratis a sus juegos.\" \/>\n<meta property=\"og:url\" content=\"https:\/\/www.sosgame.com\/es\/proveedores-software-slots\" \/>\n<meta property=\"og:site_name\" content=\"ES\" \/>\n<meta property=\"article:modified_time\" content=\"2020-01-23T13:58:35+00:00\" \/>\n<meta name=\"twitter:card\" content=\"summary_large_image\" \/>\n<meta name=\"twitter:label1\" content=\"Est. reading time\" \/>\n\t<meta name=\"twitter:data1\" content=\"11 minutes\" \/>\n<!-- \/ Yoast SEO plugin. -->","yoast_head_json":{"title":"Cat\u00e1logo con m\u00e1s de 300 Slots - Proveedores de tragaperras y sus juegos","description":"Te mostramos un cat\u00e1logo con m\u00e1s de 300 proveedores de slots online y una detallada rese\u00f1a de cada uno de ellos. Adem\u00e1s, podr\u00e1s jugar gratis a sus juegos.","robots":{"index":"index","follow":"follow","max-snippet":"max-snippet:-1","max-image-preview":"max-image-preview:large","max-video-preview":"max-video-preview:-1"},"canonical":"https:\/\/www.sosgame.com\/es\/proveedores-software-slots","og_locale":"es_ES","og_type":"article","og_title":"Cat\u00e1logo con m\u00e1s de 300 Slots - Proveedores de tragaperras y sus juegos","og_description":"Te mostramos un cat\u00e1logo con m\u00e1s de 300 proveedores de slots online y una detallada rese\u00f1a de cada uno de ellos. Adem\u00e1s, podr\u00e1s jugar gratis a sus juegos.","og_url":"https:\/\/www.sosgame.com\/es\/proveedores-software-slots","og_site_name":"ES","article_modified_time":"2020-01-23T13:58:35+00:00","twitter_card":"summary_large_image","twitter_misc":{"Est. reading time":"11 minutes"},"schema":{"@context":"https:\/\/schema.org","@graph":[{"@type":"WebPage","@id":"https:\/\/www.sosgame.com\/es\/proveedores-software-slots","url":"https:\/\/www.sosgame.com\/es\/proveedores-software-slots","name":"Cat\u00e1logo con m\u00e1s de 300 Slots - Proveedores de tragaperras y sus juegos","isPartOf":{"@id":"https:\/\/www.sosgame.com\/es\/#website"},"datePublished":"2019-07-10T15:24:10+00:00","dateModified":"2020-01-23T13:58:35+00:00","description":"Te mostramos un cat\u00e1logo con m\u00e1s de 300 proveedores de slots online y una detallada rese\u00f1a de cada uno de ellos. Adem\u00e1s, podr\u00e1s jugar gratis a sus juegos.","breadcrumb":{"@id":"https:\/\/www.sosgame.com\/es\/proveedores-software-slots#breadcrumb"},"inLanguage":"es-ES","potentialAction":[{"@type":"ReadAction","target":["https:\/\/www.sosgame.com\/es\/proveedores-software-slots"]}]},{"@type":"BreadcrumbList","@id":"https:\/\/www.sosgame.com\/es\/proveedores-software-slots#breadcrumb","itemListElement":[{"@type":"ListItem","position":1,"name":"Home","item":"https:\/\/www.sosgame.com\/es"},{"@type":"ListItem","position":2,"name":"Cat\u00e1logo con m\u00e1s de 300 slots &#8211; Proveedores de tragamonedas online"}]},{"@type":"WebSite","@id":"https:\/\/www.sosgame.com\/es\/#website","url":"https:\/\/www.sosgame.com\/es\/","name":"ES","description":"School of Slots Game","potentialAction":[{"@type":"SearchAction","target":{"@type":"EntryPoint","urlTemplate":"https:\/\/www.sosgame.com\/es\/?s={search_term_string}"},"query-input":{"@type":"PropertyValueSpecification","valueRequired":true,"valueName":"search_term_string"}}],"inLanguage":"es-ES"}]}},"_links":{"self":[{"href":"https:\/\/www.sosgame.com\/es\/wp-json\/wp\/v2\/pages\/37","targetHints":{"allow":["GET"]}}],"collection":[{"href":"https:\/\/www.sosgame.com\/es\/wp-json\/wp\/v2\/pages"}],"about":[{"href":"https:\/\/www.sosgame.com\/es\/wp-json\/wp\/v2\/types\/page"}],"author":[{"embeddable":true,"href":"https:\/\/www.sosgame.com\/es\/wp-json\/wp\/v2\/users\/3"}],"replies":[{"embeddable":true,"href":"https:\/\/www.sosgame.com\/es\/wp-json\/wp\/v2\/comments?post=37"}],"version-history":[{"count":0,"href":"https:\/\/www.sosgame.com\/es\/wp-json\/wp\/v2\/pages\/37\/revisions"}],"wp:attachment":[{"href":"https:\/\/www.sosgame.com\/es\/wp-json\/wp\/v2\/media?parent=37"}],"curies":[{"name":"wp","href":"https:\/\/api.w.org\/{rel}","templated":true}]}}