{"id":36,"date":"2019-06-27T08:05:43","date_gmt":"2019-06-27T08:05:43","guid":{"rendered":"https:\/\/www.sosgame.com\/es\/?page_id=36"},"modified":"2020-01-23T14:13:04","modified_gmt":"2020-01-23T14:13:04","slug":"slots-movil","status":"publish","type":"page","link":"https:\/\/www.sosgame.com\/es\/slots-movil","title":{"rendered":"Slots m\u00f3vil"},"content":{"rendered":"<p>No hace mucho tiempo, las tragaperras eran m\u00e1quinas pesadas y voluminosas que hac\u00edan mucho ruido y a las que \u00fanicamente se pod\u00eda jugar en casinos o salas de juego f\u00edsicas. Sin embargo, con el r\u00e1pido desarrollo de la tecnolog\u00eda m\u00f3vil, los usuarios pueden ahora disfrutar de estos divertidos juegos de casino en sus dispositivos Smartphone.<\/p>\n<p>En esta secci\u00f3n, te explicaremos todo lo que debes saber sobre las slots para tel\u00e9fonos m\u00f3viles. Adem\u00e1s, te contaremos las diferentes maneras en los que podr\u00e1s jugar a estos juegos en cualquier momento y lugar.<\/p>\n<p><!--more--><\/p>\n<p><!--[mobiledevice]--><br \/>\n[gameswithoutfilter keys=&#8221;devices:mobile&#8221; title=&#8221;Tragaperras gratis&#8221;]<\/p>\n<h2><strong>\u00bfQu\u00e9 son las slots m\u00f3vil?<\/strong><\/h2>\n<p>Las slots para m\u00f3viles son juegos de tragaperras que se pueden jugar directamente desde un dispositivo de este tipo tanto si se trata de un Smartphone como si hablamos de una Tablet. Desde que los casinos online comenzaron a aparecer a mediados de la d\u00e9cada de los 90, los usuarios pod\u00edan jugar a los juegos de slots utilizando su PC u ordenadores port\u00e1tiles.<\/p>\n<p>Cuando gracias a la tecnolog\u00eda los tel\u00e9fonos m\u00f3viles pr\u00e1cticamente se convirtieron en un ordenador de bolsillo, los desarrolladores de tragaperras online comenzaron a dise\u00f1ar juegos compatibles con pantallas m\u00e1s peque\u00f1as.<\/p>\n<p>En la actualidad, ser\u00eda dif\u00edcil encontrar una tragamonedas que no fuera 100% compatible con tel\u00e9fonos m\u00f3vil, tanto iPhone como Android. De este modo, existen miles de slots a las que se puede jugar a trav\u00e9s de un Smartphone, por lo que tendr\u00e1s muchas opciones donde elegir.<\/p>\n<p>Tanto si ya has jugado a estos juegos como si eres novato, te recomendamos seguir leyendo, ya que este art\u00edculo explicar\u00e1 c\u00f3mo jugar a las slots en tu tel\u00e9fono m\u00f3vil y qu\u00e9 tipo de dispositivo es compatible con estos juegos de casino online.<\/p>\n<h2><strong>\u00bfC\u00f3mo puedo jugar a las slots Smartphone?<\/strong><\/h2>\n<p>Puedes disfrutar de las tragaperras para tel\u00e9fonos m\u00f3viles de dos maneras: gratis o utilizando dinero real. Cualquier casino online de cierto prestigio ofrecer\u00e1 un extenso cat\u00e1logo de slots gratuitas, algo que tambi\u00e9n puedes encontrar en otras p\u00e1ginas. Habitualmente, no tendr\u00e1s que registrarte en dichas p\u00e1ginas para poder jugar a las tragaperras gratis.<\/p>\n<p>Jugar con dinero real, por otra parte, requiere que te registres como nuevo usuario en una p\u00e1gina de casino en l\u00ednea. Al crear una cuenta de usuario en un casino online tendr\u00e1s que aportar, entre otra informaci\u00f3n, tu nombre y apellidos, direcci\u00f3n, informaci\u00f3n de contacto o datos bancarios. Una vez que te hayas registrado, podr\u00e1s jugar a m\u00faltiples slots en dicha p\u00e1gina. Si se trata de un casino en l\u00ednea de calidad, es posible que existan m\u00e1s de 100 t\u00edtulos disponibles.<\/p>\n<p>Estas son dos m\u00e9todos con los que puedes acceder al casino mientras utilizas tu tel\u00e9fono m\u00f3vil. De hecho, puedes dirigirte al navegador de tu Smartphone y registrarte directamente desde all\u00ed. Sin embargo, algunos casinos ofrecen su propia app para dispositivos m\u00f3viles, que es la opci\u00f3n preferida para muchos jugadores. Las apps est\u00e1n mucho mejor adaptadas a estos aparatos y proporcionan una manera m\u00e1s sencilla de navegar por un casino online. En cualquier caso, elegir la mejor forma de jugar al casino m\u00f3vil es tu decisi\u00f3n, por lo que deber\u00edas elegir la opci\u00f3n que mejor se adapte a tus necesidades.<\/p>\n<p>Tanto si juegas al casino online a trav\u00e9s del navegador de un ordenador como si lo haces utilizando tu tel\u00e9fono m\u00f3vil, las caracter\u00edsticas de cada juego ser\u00e1n siempre las mismas. Si bien no es lo m\u00e1s habitual, es posible que puedas encontrarte rondas de bonificaci\u00f3n y juegos especiales \u00fanicamente disponibles en tragaperras para Smartphone.<\/p>\n<p>Uno de los aspectos m\u00e1s importantes cuando juegues a las slots en tu tel\u00e9fono m\u00f3vil es que tengas una conexi\u00f3n a internet estable. Puesto que probablemente jugar\u00e1s a trav\u00e9s de una red WI-FI, LTE o 4G, aseg\u00farate que tu conexi\u00f3n es lo suficientemente r\u00e1pida como para no sufrir desconexiones y evitar as\u00ed que el juego se interrumpa.<\/p>\n<h2><strong>\u00bfQu\u00e9 dispositivos pueden usarse para jugar a las slots m\u00f3vil?<\/strong><\/h2>\n<p>Cuando hablamos de compatibilidad, pr\u00e1cticamente cualquier dispositivo moderno puede utilizarse para jugar a las tragaperras m\u00f3vil. Puedes acceder a estos juegos a trav\u00e9s de diferentes Smartphone y Tablet.<\/p>\n<h3><strong>Smartphone<\/strong><\/h3>\n<p>Tanto si utilizas un dispositivo Android como iPhone, lo normal es que puedas jugar a tu tragaperras online favorita sin complicaciones. Algunas aplicaciones requieren que tengas la versi\u00f3n m\u00e1s nueva del sistema operativo iOS y Android, por lo que debes asegurarte de actualizar regularmente tu tel\u00e9fono.<\/p>\n<h3><strong>Tablet<\/strong><\/h3>\n<p>La Tablet es probablemente el dispositivo m\u00f3vil m\u00e1s pr\u00e1ctico para jugar a las slots online. \u00a0Esto es as\u00ed porque podr\u00e1s disfrutar de este juego de casino en una pantalla m\u00e1s grande, lo que te har\u00e1 sentir que sostienes una m\u00e1quina tragaperras en tus propias manos. Si bien es cierto que muchos jugadores prefieren el iPad para disfrutar de estos juegos, tambi\u00e9n es posible utilizar Tabletas con el sistema operativo Android para ello.<\/p>\n<h2><strong>Bonos para Slots m\u00f3vil<\/strong><\/h2>\n<p>Pr\u00e1cticamente todos los casinos online del mundo ofrece bonos a sus jugadores. Algunos de ellos tienen incluso bonus especiales para los usuarios que utilizan su Smartphone para jugar. As\u00ed pues, te recomendamos que te registres en aquellos casinos m\u00f3viles que ofrecen alg\u00fan tipo de bonificaci\u00f3n. Esto te dar\u00e1 un beneficio extra cuando juegues a sus slots.<\/p>\n<p>Los mejores bonos para slots m\u00f3vil aparecen en forma de giros gratis. Con estas bonificaciones, normalmente obtendr\u00e1s 10, 20 e incluso m\u00e1s giros gratuitos en determinadas tragaperras. Conseguir este premio es tan sencillo como realizar tu primer dep\u00f3sito en el casino. Esta es una excelente oportunidad para que consigas un dinero extra mientras juegas gratis.<\/p>\n<p>A parte de estos bonuses, los jugadores que utilizan su m\u00f3vil para jugar a las tragaperras pueden optar a conseguir otros tipos de bonificaciones que ofrecen dichos casinos. El \u00fanico requisito que debes cumplir para poder disfrutar de estos bonos son las condiciones que establece la p\u00e1gina. A partir de ah\u00ed, podr\u00e1s disfrutar de estas ventajas usando tu m\u00f3vil de la misma manera que lo har\u00edas con un ordenador.<\/p>\n<h2><strong>Ventajas de jugar a las slots para Smartphone<br \/>\n<\/strong><\/h2>\n<p>Adem\u00e1s de poder disfrutar de bonos especiales, jugar a las tragaperras en tu Smartphone posee otras interesantes ventajas.<\/p>\n<p>Una de las principales ventajas por lo que utilizar un dispositivo m\u00f3vil para apostar en las slots es que puedes jugar desde cualquier sitio. Cuando juegas desde un PC, tienes la limitaci\u00f3n de tener que hacerlo desde tu hogar o un determinado lugar. Puedes jugar a las slots m\u00f3vil, sin embargo, desde cualquier sitio en el que te encuentres y en el momento que quieras.<\/p>\n<p>Adem\u00e1s de poder girar los carretes de una tragamonedas online desde la comodidad de tu sof\u00e1, tambi\u00e9n puedes hacerlo mientras viajas en autob\u00fas, sentado en una cafeter\u00eda o en la playa mientras tomas el sol. Si es cierto que puedes utilizar tu port\u00e1til con este fin, pero transportar un aparato de dicho tama\u00f1o siempre resulta muy inc\u00f3modo. Gracias a tu dispositivo Smartphone esto resulta mucho m\u00e1s sencillo.<\/p>\n<p>Finalmente, hemos de indicar que para motivar el uso de m\u00f3viles para jugar a las slots online, muchos operadores ofrecen juegos exclusivos para estos dispositivos. Por lo tanto, es posible que encuentres una gran cantidad de tragaperras m\u00f3vil disponible para jugar desde tu tel\u00e9fono o Tablet, lo que siempre es una gran ventaja.<\/p>\n","protected":false},"excerpt":{"rendered":"<p>No hace mucho tiempo, las tragaperras eran m\u00e1quinas pesadas y voluminosas que hac\u00edan mucho ruido y a las que \u00fanicamente se pod\u00eda jugar en casinos o salas de juego f\u00edsicas. Sin embargo, con el r\u00e1pido desarrollo de la tecnolog\u00eda m\u00f3vil, los usuarios pueden ahora disfrutar de estos divertidos juegos de casino en sus dispositivos Smartphone. [&hellip;]<\/p>\n","protected":false},"author":3,"featured_media":0,"parent":0,"menu_order":0,"comment_status":"closed","ping_status":"closed","template":"","meta":{"_acf_changed":false,"footnotes":""},"class_list":["post-36","page","type-page","status-publish","hentry"],"acf":[],"yoast_head":"<!-- This site is optimized with the Yoast SEO plugin v27.2 - https:\/\/yoast.com\/product\/yoast-seo-wordpress\/ -->\n<title>Mejores Slots gratis y apps iPhone y Android para dispositivos m\u00f3vil<\/title>\n<meta name=\"description\" content=\"Te ofrecemos el mayor cat\u00e1logo de slots y apps para jugar a este juego de casino desde dispositivo m\u00f3vil iPhone o Android gratis o con dinero real.\" \/>\n<meta name=\"robots\" content=\"index, follow, max-snippet:-1, max-image-preview:large, max-video-preview:-1\" \/>\n<link rel=\"canonical\" href=\"https:\/\/www.sosgame.com\/es\/slots-movil\" \/>\n<meta property=\"og:locale\" content=\"es_ES\" \/>\n<meta property=\"og:type\" content=\"article\" \/>\n<meta property=\"og:title\" content=\"Mejores Slots gratis y apps iPhone y Android para dispositivos m\u00f3vil\" \/>\n<meta property=\"og:description\" content=\"Te ofrecemos el mayor cat\u00e1logo de slots y apps para jugar a este juego de casino desde dispositivo m\u00f3vil iPhone o Android gratis o con dinero real.\" \/>\n<meta property=\"og:url\" content=\"https:\/\/www.sosgame.com\/es\/slots-movil\" \/>\n<meta property=\"og:site_name\" content=\"ES\" \/>\n<meta property=\"article:modified_time\" content=\"2020-01-23T14:13:04+00:00\" \/>\n<meta name=\"twitter:card\" content=\"summary_large_image\" \/>\n<meta name=\"twitter:label1\" content=\"Est. reading time\" \/>\n\t<meta name=\"twitter:data1\" content=\"7 minutes\" \/>\n<!-- \/ Yoast SEO plugin. -->","yoast_head_json":{"title":"Mejores Slots gratis y apps iPhone y Android para dispositivos m\u00f3vil","description":"Te ofrecemos el mayor cat\u00e1logo de slots y apps para jugar a este juego de casino desde dispositivo m\u00f3vil iPhone o Android gratis o con dinero real.","robots":{"index":"index","follow":"follow","max-snippet":"max-snippet:-1","max-image-preview":"max-image-preview:large","max-video-preview":"max-video-preview:-1"},"canonical":"https:\/\/www.sosgame.com\/es\/slots-movil","og_locale":"es_ES","og_type":"article","og_title":"Mejores Slots gratis y apps iPhone y Android para dispositivos m\u00f3vil","og_description":"Te ofrecemos el mayor cat\u00e1logo de slots y apps para jugar a este juego de casino desde dispositivo m\u00f3vil iPhone o Android gratis o con dinero real.","og_url":"https:\/\/www.sosgame.com\/es\/slots-movil","og_site_name":"ES","article_modified_time":"2020-01-23T14:13:04+00:00","twitter_card":"summary_large_image","twitter_misc":{"Est. reading time":"7 minutes"},"schema":{"@context":"https:\/\/schema.org","@graph":[{"@type":"WebPage","@id":"https:\/\/www.sosgame.com\/es\/slots-movil","url":"https:\/\/www.sosgame.com\/es\/slots-movil","name":"Mejores Slots gratis y apps iPhone y Android para dispositivos m\u00f3vil","isPartOf":{"@id":"https:\/\/www.sosgame.com\/es\/#website"},"datePublished":"2019-06-27T08:05:43+00:00","dateModified":"2020-01-23T14:13:04+00:00","description":"Te ofrecemos el mayor cat\u00e1logo de slots y apps para jugar a este juego de casino desde dispositivo m\u00f3vil iPhone o Android gratis o con dinero real.","breadcrumb":{"@id":"https:\/\/www.sosgame.com\/es\/slots-movil#breadcrumb"},"inLanguage":"es-ES","potentialAction":[{"@type":"ReadAction","target":["https:\/\/www.sosgame.com\/es\/slots-movil"]}]},{"@type":"BreadcrumbList","@id":"https:\/\/www.sosgame.com\/es\/slots-movil#breadcrumb","itemListElement":[{"@type":"ListItem","position":1,"name":"Home","item":"https:\/\/www.sosgame.com\/es"},{"@type":"ListItem","position":2,"name":"Slots m\u00f3vil"}]},{"@type":"WebSite","@id":"https:\/\/www.sosgame.com\/es\/#website","url":"https:\/\/www.sosgame.com\/es\/","name":"ES","description":"School of Slots Game","potentialAction":[{"@type":"SearchAction","target":{"@type":"EntryPoint","urlTemplate":"https:\/\/www.sosgame.com\/es\/?s={search_term_string}"},"query-input":{"@type":"PropertyValueSpecification","valueRequired":true,"valueName":"search_term_string"}}],"inLanguage":"es-ES"}]}},"_links":{"self":[{"href":"https:\/\/www.sosgame.com\/es\/wp-json\/wp\/v2\/pages\/36","targetHints":{"allow":["GET"]}}],"collection":[{"href":"https:\/\/www.sosgame.com\/es\/wp-json\/wp\/v2\/pages"}],"about":[{"href":"https:\/\/www.sosgame.com\/es\/wp-json\/wp\/v2\/types\/page"}],"author":[{"embeddable":true,"href":"https:\/\/www.sosgame.com\/es\/wp-json\/wp\/v2\/users\/3"}],"replies":[{"embeddable":true,"href":"https:\/\/www.sosgame.com\/es\/wp-json\/wp\/v2\/comments?post=36"}],"version-history":[{"count":0,"href":"https:\/\/www.sosgame.com\/es\/wp-json\/wp\/v2\/pages\/36\/revisions"}],"wp:attachment":[{"href":"https:\/\/www.sosgame.com\/es\/wp-json\/wp\/v2\/media?parent=36"}],"curies":[{"name":"wp","href":"https:\/\/api.w.org\/{rel}","templated":true}]}}