{"id":27,"date":"2019-05-31T11:28:06","date_gmt":"2019-05-31T11:28:06","guid":{"rendered":"https:\/\/www.sosgame.com\/es\/?page_id=27"},"modified":"2020-01-23T14:06:38","modified_gmt":"2020-01-23T14:06:38","slug":"slots-gratis","status":"publish","type":"page","link":"https:\/\/www.sosgame.com\/es\/slots-gratis","title":{"rendered":"Slots Gratis &#8211; Juega a m\u00e1s de 8.000 tragaperras en modo demostraci\u00f3n"},"content":{"rendered":"<div class=\"fullwidth\">\n<p><a href=\"https:\/\/www.sosgame.com\/competition\"><img loading=\"lazy\" decoding=\"async\" class=\"wp-image-5557 size-full aligncenter\" src=\"https:\/\/www.sosgame.com\/wp-content\/uploads\/2019\/05\/slots-competition.jpg\" alt=\"\" width=\"615\" height=\"385\" \/><\/a><\/p>\n<p>Las slots gratuitas se crearon como consecuencia de una necesidad de los usuarios de poder jugar a una versi\u00f3n de estos juegos sin verse obligados a realizar ning\u00fan dep\u00f3sito y que pudieran jugarse simplemente por diversi\u00f3n. Los desarrolladores de tragaperras actuaron de forma r\u00e1pida y tuvieron la brillante idea de crear las slots de demostraci\u00f3n.<\/p>\n<p>Las tragamonedas de demostraci\u00f3n son b\u00e1sicamente slots a las que se puede jugar gratis, lo que permite a los usuarios jugar sin usar dinero. Los mejor de esta modalidad de tragaperras es que incluso si depositas dinero en tu cuenta de casino, podr\u00e1s jugar a dichas slots cuando desees cambiando a modo demostraci\u00f3n. De la misma manera, podr\u00e1s volver a jugar con dinero de verdad cuando quieras.<\/p>\n<p>Adem\u00e1s de realizar rese\u00f1as de slots con dinero real, analizamos slots gratis. Como puedes comprobar, estas tragaperras gratuitas no son tan diferentes de las de pago, y puedes cambiar de un modo a otro r\u00e1pidamente, seg\u00fan tu conveniencia.<\/p>\n<p>El objetivo de jugar a las tragaperras no es siempre ganar grandes premios o hacerse rico, como sue\u00f1an algunos jugadores. Una de las mejores emociones de jugar a estos juegos es tener la fortuna de conseguir una combinaci\u00f3n ganadora, algo de lo que no todos los usuarios pueden disfrutar. Hay ocasiones que no se trata de ganar m\u00e1s dinero, sino de encontrar la suerte cuando no la esperabas.<\/p>\n<p>Por lo tanto, la \u00fanica diferencia entre jugar a las tragamonedas con dinero real y a las slots gratis es que no tienes que apostar dinero de verdad para jugar a la versi\u00f3n de demostraci\u00f3n. Del mismo modo, no podr\u00e1s ganar dinero real mientras juegas a una tragaperras gratuita.<\/p>\n<p>Si quieres divertirte jugando a las slots gratis, te recomendamos que eches un vistazo a nuestro cat\u00e1logo, que incluye las mejores tragaperras del mercado y una rese\u00f1a de cada una de ellas. Adem\u00e1s, tambi\u00e9n podr\u00e1s jugar a estos juegos con dinero real en cualquier momento.<\/p>\n<\/div>\n<p><!--more--><\/p>\n<h2>\u00bfCu\u00e1l es el prop\u00f3sito de las slots gratuitas?<\/h2>\n<p>El principal prop\u00f3sito de jugar a las tragaperras gratuitas es divertirse. Ganar dinero no tiene importancia, ya de lo que se trata es de jugar un rato de forma relajada, sin ninguna presi\u00f3n.<\/p>\n<p>Tambi\u00e9n resulta una excelente oportunidad para los jugadores para conocer m\u00e1s a fondo algunas tragaperras y descubrir las ventajas y desventajas que posee cada uno de estos juegos.<\/p>\n<p>Es decir, las tragaperras gratuitas son una forma de probar un juego hasta que puedas decidir si te interesa jugar a la versi\u00f3n con dinero real o no. Igualmente, podr\u00e1s disfrutar de la versi\u00f3n gratis del juego durante el tiempo que quieras, ya que el per\u00edodo de prueba no expira.<\/p>\n<p>Adem\u00e1s de conocer los pros y los contras de determinadas tragaperras, los jugadores disfrutan probando sus caracter\u00edsticas y funciones. Actualmente, existen miles de slots disponibles para jugar gratis online y cada una de ellas cuenta con unas particularidades \u00fanicas. Las principales son: n\u00famero de carretes, tipos de s\u00edmbolos, bonificaciones, giros gratis y multiplicadores.<\/p>\n<p>Para conocer todas estas caracter\u00edsticas, los jugadores m\u00e1s inteligentes juegan a la versi\u00f3n gratuita de dichas tragaperras, para poder as\u00ed conocer el t\u00edtulo m\u00e1s a fondo y enfrentarse con mayores garant\u00edas a la versi\u00f3n con dinero real.<\/p>\n<p>Si bien es cierto que al final todo depende del azar, un mejor conocimiento sobre las funciones de una slot, su RTP y otra informaci\u00f3n de relevancia te ayudar\u00e1n a incrementar tus probabilidades de mejorar tus resultados al jugar.<\/p>\n<p>Si incluso despu\u00e9s de jugar a una tragamonedas gratis durante alg\u00fan tiempo no eres capaz de decidir si vale la pena jugar con dinero real a dicho juego, te ofrecemos la posibilidad de leer la rese\u00f1as que nuestros expertos han elaborado para cada slot. Nuestros profesionales de las slots poseen muchos a\u00f1os de experiencia probando estos juegos, algo que te ayudar\u00e1 a decidir si realmente vale la pena invertir tu dinero en una tragaperras o no hacerlo.<\/p>\n<h2>\u00bfC\u00f3mo funcionan las tragamonedas gratis?<\/h2>\n<p>El funcionamiento b\u00e1sico de cualquier tragaperras gratuita es utilizar cr\u00e9ditos ficticios para representar el dinero que se utilizar\u00eda en un juego en el que se jugara con dinero de verdad. Tan pronto como entres en el juego por primera vez, podr\u00e1s ver que posees un balance con una cierta cantidad de cr\u00e9ditos para gastar a la hora de realizar tus apuestas.<\/p>\n<p>Cada vez que realices un giro, la cantidad apostada desaparecer\u00e1 de dicho balance, tal y como lo har\u00eda en una slot con dinero de verdad. Por otra parte, siempre que consigas una combinaci\u00f3n ganadora, cierta cantidad de cr\u00e9ditos se sumar\u00e1n a tu cuenta, de igual forma que suceder\u00eda en una tragaperras con dinero real.<\/p>\n<p>Probablemente te estar\u00e1s preguntando qu\u00e9 sucede si el balance de tu cuenta llega a cero. A pesar de ser algo realmente complicado, puesto que no resulta habitual que se pierda en tantas ocasiones, simplemente necesitar\u00e1s actualizar la p\u00e1gina para comenzar a jugar de nuevo con todo el cr\u00e9dito. En otras palabras, no existen restricciones que eviten que puedas jugar una y otra vez, tanto tiempo como quieras.<\/p>\n<p>Otro beneficio de este tipo de slots es que normalmente no tendr\u00e1s que registrarte en la p\u00e1gina de casino para jugar a la mayor\u00eda de sus juegos gratis. En la mayor\u00eda de los casos, s\u00f3lo tendr\u00e1s que seleccionar una slot y jugar una y otra vez tanto tiempo como te apetezca.<\/p>\n<h2>\u00bfD\u00f3nde puedo jugar a las slots gratis?<\/h2>\n<p>Puedes jugar a una de las miles de slots disponibles en la red tanto en un casino online como en el cat\u00e1logo de juegos de nuestra p\u00e1gina. Si decides jugar a las tragaperras gratis en un casino en l\u00ednea, habr\u00e1 ocasiones en las que tengas que registrarte por obligaci\u00f3n o limitaciones en el n\u00famero de tragamonedas disponibles para jugar gratis.<\/p>\n<p>Si decides jugar directamente desde nuestra p\u00e1gina, simplemente dir\u00edgete a nuestra secci\u00f3n de slots gratis. Una vez all\u00ed, tendr\u00e1s la posibilidad de seleccionar una tragamonedas de acuerdo con una serie de par\u00e1metros: proveedor, n\u00famero de carretes, l\u00edneas de pago, etc. Otra forma de encontrar la slot que buscas es seleccionando uno de los apartados en los que se hemos organizado estos juegos: los m\u00e1s nuevos, los mejor valorados, los m\u00e1s populares, etc.<\/p>\n<p>Si despu\u00e9s de jugar a una tragaperras gratis quieres hacerlo utilizando dinero de verdad, te mostramos los mejores casinos para jugar a dichos juegos. Comprueba qu\u00e9 p\u00e1gina te ofrece mejor bono de bienvenida y podr\u00e1s comenzar a jugar con dinero real casi al instante.<\/p>\n<h2><strong>\u00bfPuedo jugar gratis a las slots desde mi pa\u00eds?<\/strong><\/h2>\n<p>Incluso sabiendo que existen restricciones para jugar a las slots en algunos pa\u00edses, no deber\u00edas tener problema en jugar a las slots gratuitas. Decimos esto porque al jugar sin utilizar dinero de verdad, no tendr\u00eda que haber ning\u00fan tipo de inconveniente. Adem\u00e1s, las tragamonedas gratis de nuestra p\u00e1gina cuentan con el benepl\u00e1cito de las principales autoridades del juego para operar en la mayor\u00eda de regiones en espa\u00f1ol.<\/p>\n<h2>Diferencia entre slots de demostraci\u00f3n y slots gratis<\/h2>\n<p>Si bien ya hemos estado hablando de las principales caracter\u00edsticas de las slots de demostraci\u00f3n o slots gratuitas, que en la mayor\u00eda de los casos pueden considerarse an\u00e1logas, existe un elemento que diferencia una tragaperras de demostraci\u00f3n de una tragamonedas gratis.<\/p>\n<p>La principal diferencia que encuentran algunos actores del sector entre las tragaperras de demostraci\u00f3n y tragaperras gratis es que las primeras siempre tienen una versi\u00f3n para jugar con dinero real, mientras las segundas no. Es decir, en determinados casos, podr\u00e1s jugar a una versi\u00f3n con dinero de verdad en slots de demostraci\u00f3n, mientras no podr\u00e1s encontrar una versi\u00f3n con dinero real en ciertas tragamonedas gratis.<\/p>\n<p>Si bien el matiz es muy importante, esto sucede \u00fanicamente con determinadas slots, que normalmente han sido desarrolladas por entidades menores o dise\u00f1adas para jugar en redes sociales. Por lo tanto, si finalmente te pudiera interesar jugar con dinero de verdad, comprueba siempre que la tragaperra a la que juegas gratis posee una versi\u00f3n de pago.<\/p>\n<h2>Tragaperras gratis para dispositivos m\u00f3viles<\/h2>\n<p>En los \u00faltimos a\u00f1os, la tecnolog\u00eda aplicada a las slots se ha desarrollado de forma r\u00e1pida. Los creadores de tragaperras son habitualmente los primeros en trasladar al sector del azar dichas innovaciones tecnol\u00f3gicas e implementarlas en los juegos de casino. Y, en este sentido, debemos hablar de las tragamonedas para Smartphone.<\/p>\n<p>Jugar a las slots gratis en el tel\u00e9fono m\u00f3vil no es nuevo, pero hay que reconocer que la experiencia con este tipo de dispositivos ha mejorado much\u00edsimo en los \u00faltimos a\u00f1os. Adem\u00e1s de adaptarse perfectamente a pantallas de tama\u00f1o reducido, estas tragaperras cuentan con una tecnolog\u00eda de ahorro de energ\u00eda, con lo que no tendr\u00e1s que preocuparte nunca m\u00e1s de la bater\u00eda de tu Smartphone mientras juegas.<\/p>\n<p>Del mismo modo, los desarrolladores de slots para m\u00f3viles se han encargado de crear unos juegos que se adapten perfectamente tanto a dispositivos Android como iOS. De este modo, si visitas nuestra p\u00e1gina desde un Smartphone, te invitamos a que pruebes cualquiera de las slots gratis de nuestro cat\u00e1logo, ya que la gran mayor\u00eda est\u00e1 disponible para jugarse en estos dispositivos m\u00f3viles.<\/p>\n<p>Adem\u00e1s, si al probar alguno de los miles de juegos gratuitos disponibles en nuestra lista estuvieras interesado en jugar con dinero real desde tu dispositivo iPhone o Android, podr\u00e1s hacerlo en el momento que quieras. Simplemente, dir\u00edgete utilizando tu tel\u00e9fono m\u00f3vil a nuestra secci\u00f3n para jugar a las tragaperras con dinero de verdad.<\/p>\n<h2>Preguntas frecuentes<\/h2>\n<p>Veamos a continuaci\u00f3n algunas de las preguntas habituales sobre las slots que muchos jugadores se hacen.<\/p>\n<p>[accordionGroup][accordion title=&#8221;\u00bfSe puede jugar a las slots totalmente gratis?&#8221;]Por supuesto. Es posible jugar de manera gratuita a una amplia gama de slots de demostraci\u00f3n. Un ejemplo de ello lo tenemos en esta p\u00e1gina, donde podr\u00e1s encontrar miles de juegos de tragaperras para jugar gratis. Podr\u00e1s jugar gratis todo el tiempo que quieras, ya que siempre contar\u00e1s con cr\u00e9ditos ficticios con los que apostar. Adem\u00e1s, podr\u00e1s cambiar al modo de juego con dinero real cuando creas oportuno.[\/accordion][accordion title=&#8221;\u00bfTengo que descargar las slots para jugar?&#8221;]Es posible jugar a la gran mayor\u00eda de tragamonedas directamente desde el navegador de tu PC, port\u00e1til, Smartphone o Tablet. Esta es la manera m\u00e1s sencilla, c\u00f3moda y r\u00e1pida de apostar a las tragamonedas online. Esta modalidad de juego est\u00e1 disponible en nuestra secci\u00f3n de slots gratis en todo momento, por lo que te invitamos a que la pruebes cuando quieras.[\/accordion][accordion title=&#8221;\u00bfQu\u00e9 tipo de tragaperras est\u00e1n disponibles gratis?&#8221;]Tal y como podr\u00e1s comprobar en nuestro apartado de slots gratis, la gran mayor\u00eda de juegos de los principales desarrolladores est\u00e1n disponibles para jugar sin utilizar dinero de verdad. As\u00ed pues, podr\u00e1s jugar a las tragamonedas de Microgaming, NetEnt, EGT, Playtech, Play\u00b4n Go y muchas m\u00e1s.[\/accordion][accordion title=&#8221;\u00bfD\u00f3nde puedo jugar a las slots gratuitas?&#8221;]Puedes jugar a las tragamonedas gratis tanto en esta secci\u00f3n, como registr\u00e1ndote en uno de las decenas de casinos online que existen en Internet. [\/accordion][accordion title=&#8221;\u00bfCu\u00e1les son los requerimientos de sistema m\u00ednimos para jugar a las slots gratis?&#8221;]Las slots online son juegos muy simples, por lo que no es necesario tener un ordenador de \u00faltima generaci\u00f3n para poder jugar. Hasta el momento, basta con tener un PC con Windows 7 con 2GB y una tarjeta gr\u00e1fica de hasta 9 a\u00f1os de antig\u00fcedad para poder jugar a la mayor\u00eda de tragamonedas gratuitas sin problema. Adem\u00e1s de con Windows, es posible jugar a estos juegos en Mac y Linux. [\/accordion][\/accordionGroup]<\/p>\n","protected":false},"excerpt":{"rendered":"<p>Las slots gratuitas se crearon como consecuencia de una necesidad de los usuarios de poder jugar a una versi\u00f3n de estos juegos sin verse obligados a realizar ning\u00fan dep\u00f3sito y que pudieran jugarse simplemente por diversi\u00f3n. Los desarrolladores de tragaperras actuaron de forma r\u00e1pida y tuvieron la brillante idea de crear las slots de demostraci\u00f3n. [&hellip;]<\/p>\n","protected":false},"author":3,"featured_media":0,"parent":0,"menu_order":0,"comment_status":"closed","ping_status":"closed","template":"page-games.php","meta":{"_acf_changed":false,"footnotes":""},"class_list":["post-27","page","type-page","status-publish","hentry"],"acf":[],"yoast_head":"<!-- This site is optimized with the Yoast SEO plugin v27.2 - https:\/\/yoast.com\/product\/yoast-seo-wordpress\/ -->\n<title>Slots Gratis - Juega a m\u00e1s de 8000 tragaperras en modo demostraci\u00f3n<\/title>\n<meta name=\"description\" content=\"SOS Game te ofrece m\u00e1s de 8000 juegos de slots para jugar gratis. Juega en modo demostraci\u00f3n de manera inmediata desde tu Smartphone, PC o Tablet.\" \/>\n<meta name=\"robots\" content=\"index, follow, max-snippet:-1, max-image-preview:large, max-video-preview:-1\" \/>\n<link rel=\"canonical\" href=\"https:\/\/www.sosgame.com\/es\/slots-gratis\" \/>\n<meta property=\"og:locale\" content=\"es_ES\" \/>\n<meta property=\"og:type\" content=\"article\" \/>\n<meta property=\"og:title\" content=\"Slots Gratis - Juega a m\u00e1s de 8000 tragaperras en modo demostraci\u00f3n\" \/>\n<meta property=\"og:description\" content=\"SOS Game te ofrece m\u00e1s de 8000 juegos de slots para jugar gratis. Juega en modo demostraci\u00f3n de manera inmediata desde tu Smartphone, PC o Tablet.\" \/>\n<meta property=\"og:url\" content=\"https:\/\/www.sosgame.com\/es\/slots-gratis\" \/>\n<meta property=\"og:site_name\" content=\"ES\" \/>\n<meta property=\"article:modified_time\" content=\"2020-01-23T14:06:38+00:00\" \/>\n<meta property=\"og:image\" content=\"https:\/\/www.sosgame.com\/wp-content\/uploads\/2019\/05\/slots-competition.jpg\" \/>\n<meta name=\"twitter:card\" content=\"summary_large_image\" \/>\n<meta name=\"twitter:label1\" content=\"Est. reading time\" \/>\n\t<meta name=\"twitter:data1\" content=\"10 minutes\" \/>\n<!-- \/ Yoast SEO plugin. -->","yoast_head_json":{"title":"Slots Gratis - Juega a m\u00e1s de 8000 tragaperras en modo demostraci\u00f3n","description":"SOS Game te ofrece m\u00e1s de 8000 juegos de slots para jugar gratis. Juega en modo demostraci\u00f3n de manera inmediata desde tu Smartphone, PC o Tablet.","robots":{"index":"index","follow":"follow","max-snippet":"max-snippet:-1","max-image-preview":"max-image-preview:large","max-video-preview":"max-video-preview:-1"},"canonical":"https:\/\/www.sosgame.com\/es\/slots-gratis","og_locale":"es_ES","og_type":"article","og_title":"Slots Gratis - Juega a m\u00e1s de 8000 tragaperras en modo demostraci\u00f3n","og_description":"SOS Game te ofrece m\u00e1s de 8000 juegos de slots para jugar gratis. Juega en modo demostraci\u00f3n de manera inmediata desde tu Smartphone, PC o Tablet.","og_url":"https:\/\/www.sosgame.com\/es\/slots-gratis","og_site_name":"ES","article_modified_time":"2020-01-23T14:06:38+00:00","og_image":[{"url":"https:\/\/www.sosgame.com\/wp-content\/uploads\/2019\/05\/slots-competition.jpg","type":"","width":"","height":""}],"twitter_card":"summary_large_image","twitter_misc":{"Est. reading time":"10 minutes"},"schema":{"@context":"https:\/\/schema.org","@graph":[{"@type":"WebPage","@id":"https:\/\/www.sosgame.com\/es\/slots-gratis","url":"https:\/\/www.sosgame.com\/es\/slots-gratis","name":"Slots Gratis - Juega a m\u00e1s de 8000 tragaperras en modo demostraci\u00f3n","isPartOf":{"@id":"https:\/\/www.sosgame.com\/es\/#website"},"primaryImageOfPage":{"@id":"https:\/\/www.sosgame.com\/es\/slots-gratis#primaryimage"},"image":{"@id":"https:\/\/www.sosgame.com\/es\/slots-gratis#primaryimage"},"thumbnailUrl":"https:\/\/www.sosgame.com\/wp-content\/uploads\/2019\/05\/slots-competition.jpg","datePublished":"2019-05-31T11:28:06+00:00","dateModified":"2020-01-23T14:06:38+00:00","description":"SOS Game te ofrece m\u00e1s de 8000 juegos de slots para jugar gratis. Juega en modo demostraci\u00f3n de manera inmediata desde tu Smartphone, PC o Tablet.","breadcrumb":{"@id":"https:\/\/www.sosgame.com\/es\/slots-gratis#breadcrumb"},"inLanguage":"es-ES","potentialAction":[{"@type":"ReadAction","target":["https:\/\/www.sosgame.com\/es\/slots-gratis"]}]},{"@type":"ImageObject","inLanguage":"es-ES","@id":"https:\/\/www.sosgame.com\/es\/slots-gratis#primaryimage","url":"https:\/\/www.sosgame.com\/wp-content\/uploads\/2019\/05\/slots-competition.jpg","contentUrl":"https:\/\/www.sosgame.com\/wp-content\/uploads\/2019\/05\/slots-competition.jpg"},{"@type":"BreadcrumbList","@id":"https:\/\/www.sosgame.com\/es\/slots-gratis#breadcrumb","itemListElement":[{"@type":"ListItem","position":1,"name":"Home","item":"https:\/\/www.sosgame.com\/es"},{"@type":"ListItem","position":2,"name":"Slots Gratis &#8211; Juega a m\u00e1s de 8.000 tragaperras en modo demostraci\u00f3n"}]},{"@type":"WebSite","@id":"https:\/\/www.sosgame.com\/es\/#website","url":"https:\/\/www.sosgame.com\/es\/","name":"ES","description":"School of Slots Game","potentialAction":[{"@type":"SearchAction","target":{"@type":"EntryPoint","urlTemplate":"https:\/\/www.sosgame.com\/es\/?s={search_term_string}"},"query-input":{"@type":"PropertyValueSpecification","valueRequired":true,"valueName":"search_term_string"}}],"inLanguage":"es-ES"}]}},"_links":{"self":[{"href":"https:\/\/www.sosgame.com\/es\/wp-json\/wp\/v2\/pages\/27","targetHints":{"allow":["GET"]}}],"collection":[{"href":"https:\/\/www.sosgame.com\/es\/wp-json\/wp\/v2\/pages"}],"about":[{"href":"https:\/\/www.sosgame.com\/es\/wp-json\/wp\/v2\/types\/page"}],"author":[{"embeddable":true,"href":"https:\/\/www.sosgame.com\/es\/wp-json\/wp\/v2\/users\/3"}],"replies":[{"embeddable":true,"href":"https:\/\/www.sosgame.com\/es\/wp-json\/wp\/v2\/comments?post=27"}],"version-history":[{"count":0,"href":"https:\/\/www.sosgame.com\/es\/wp-json\/wp\/v2\/pages\/27\/revisions"}],"wp:attachment":[{"href":"https:\/\/www.sosgame.com\/es\/wp-json\/wp\/v2\/media?parent=27"}],"curies":[{"name":"wp","href":"https:\/\/api.w.org\/{rel}","templated":true}]}}