{"id":24,"date":"2019-05-28T14:13:36","date_gmt":"2019-05-28T14:13:36","guid":{"rendered":"https:\/\/www.sosgame.com\/es\/?page_id=24"},"modified":"2020-01-23T10:41:50","modified_gmt":"2020-01-23T10:41:50","slug":"contacta-con-nosotros","status":"publish","type":"page","link":"https:\/\/www.sosgame.com\/es\/contacta-con-nosotros","title":{"rendered":"Contacta con nosotros"},"content":{"rendered":"<p><span class=\"tlid-translation translation\" lang=\"es\"><span class=\"\" title=\"\">A pesar de que tenemos la base de datos de juegos de tragamonedas m\u00e1s amplia de la red, es posible que hayas jugado o conocido otros t\u00edtulos que est\u00e9n ausentes en nuestra p\u00e1gina. Si es as\u00ed, estaremos encantados de escucharte y a\u00f1adir a nuestro cat\u00e1logo dichos juegos u otros en los que puedas estar interesado.<br \/>\n<\/span><\/span><\/p>\n<p>Puedes enviarnos un correo electr\u00f3nico ahora mismo y haremos todo lo posible para incorporar a nuestro amplio listado de slots aquellos juegos que desees. A continuaci\u00f3n, encontrar\u00e1s tanto una direcci\u00f3n de e-mail como un formulario para que puedas ponerte en contacto con nosotros.<\/p>\n<p><span class=\"tlid-translation translation\" lang=\"es\"><span class=\"\" title=\"\">Para realizar cualquier comentario o sugerencia con respecto al tipo de juegos de tragamonedas que deber\u00edamos poner a tu disposici\u00f3n de forma gratuita, env\u00edanos un correo electr\u00f3nico a info@sosgame.com. Para cualquier consulta de ventas y mercadotecnia, no dudes en enviarnos tu consulta <\/span><span class=\"\" title=\"\">a la misma direcci\u00f3n de correo electr\u00f3nico. Tambi\u00e9n puedes contactar con nosotros en el siguiente formulario. <\/span><br \/>\n<\/span><\/p>\n<h3>Contacta con nosotros<\/h3>\n\n<div class=\"wpcf7 no-js\" id=\"wpcf7-f26-o1\" lang=\"es-ES\" dir=\"ltr\" data-wpcf7-id=\"26\">\n<div class=\"screen-reader-response\"><p role=\"status\" aria-live=\"polite\" aria-atomic=\"true\"><\/p> <ul><\/ul><\/div>\n<form action=\"\/es\/wp-json\/wp\/v2\/pages\/24#wpcf7-f26-o1\" method=\"post\" class=\"wpcf7-form init\" aria-label=\"Contact form\" novalidate=\"novalidate\" data-status=\"init\">\n<fieldset class=\"hidden-fields-container\"><input type=\"hidden\" name=\"_wpcf7\" value=\"26\" \/><input type=\"hidden\" name=\"_wpcf7_version\" value=\"6.1.5\" \/><input type=\"hidden\" name=\"_wpcf7_locale\" value=\"es_ES\" \/><input type=\"hidden\" name=\"_wpcf7_unit_tag\" value=\"wpcf7-f26-o1\" \/><input type=\"hidden\" name=\"_wpcf7_container_post\" value=\"0\" \/><input type=\"hidden\" name=\"_wpcf7_posted_data_hash\" value=\"\" \/><input type=\"hidden\" name=\"_wpcf7dtx_version\" value=\"5.0.5\" \/><input type=\"hidden\" name=\"_wpcf7cf_hidden_group_fields\" value=\"[]\" \/><input type=\"hidden\" name=\"_wpcf7cf_hidden_groups\" value=\"[]\" \/><input type=\"hidden\" name=\"_wpcf7cf_visible_groups\" value=\"[]\" \/><input type=\"hidden\" name=\"_wpcf7cf_repeaters\" value=\"[]\" \/><input type=\"hidden\" name=\"_wpcf7cf_steps\" value=\"{}\" \/><input type=\"hidden\" name=\"_wpcf7cf_options\" value=\"{&quot;form_id&quot;:26,&quot;conditions&quot;:[],&quot;settings&quot;:{&quot;animation&quot;:&quot;yes&quot;,&quot;animation_intime&quot;:200,&quot;animation_outtime&quot;:200,&quot;conditions_ui&quot;:&quot;normal&quot;,&quot;notice_dismissed&quot;:false}}\" \/>\n<\/fieldset>\n<p><label> Tu nombre (requerido)<br \/>\n<span class=\"wpcf7-form-control-wrap\" data-name=\"your-name\"><input size=\"40\" maxlength=\"400\" class=\"wpcf7-form-control wpcf7-text wpcf7-validates-as-required\" aria-required=\"true\" aria-invalid=\"false\" value=\"\" type=\"text\" name=\"your-name\" \/><\/span> <\/label>\n<\/p>\n<p><label> Tu correo electr\u00f3nico (requerido)<br \/>\n<span class=\"wpcf7-form-control-wrap\" data-name=\"your-email\"><input size=\"40\" maxlength=\"400\" class=\"wpcf7-form-control wpcf7-email wpcf7-validates-as-required wpcf7-text wpcf7-validates-as-email\" aria-required=\"true\" aria-invalid=\"false\" value=\"\" type=\"email\" name=\"your-email\" \/><\/span> <\/label>\n<\/p>\n<p><label> Asunto<br \/>\n<span class=\"wpcf7-form-control-wrap\" data-name=\"your-subject\"><input size=\"40\" maxlength=\"400\" class=\"wpcf7-form-control wpcf7-text\" aria-invalid=\"false\" value=\"\" type=\"text\" name=\"your-subject\" \/><\/span> <\/label>\n<\/p>\n<p><label> Tu mensaje<br \/>\n<span class=\"wpcf7-form-control-wrap\" data-name=\"your-message\"><textarea cols=\"40\" rows=\"10\" maxlength=\"2000\" class=\"wpcf7-form-control wpcf7-textarea\" aria-invalid=\"false\" name=\"your-message\"><\/textarea><\/span> <\/label>\n<\/p>\n<p><input class=\"wpcf7-form-control wpcf7-submit has-spinner\" type=\"submit\" value=\"Enviar\" \/>\n<\/p><div class=\"wpcf7-response-output\" aria-hidden=\"true\"><\/div>\n<\/form>\n<\/div>\n\n","protected":false},"excerpt":{"rendered":"<p>A pesar de que tenemos la base de datos de juegos de tragamonedas m\u00e1s amplia de la red, es posible que hayas jugado o conocido otros t\u00edtulos que est\u00e9n ausentes en nuestra p\u00e1gina. Si es as\u00ed, estaremos encantados de escucharte y a\u00f1adir a nuestro cat\u00e1logo dichos juegos u otros en los que puedas estar interesado. [&hellip;]<\/p>\n","protected":false},"author":3,"featured_media":0,"parent":0,"menu_order":0,"comment_status":"closed","ping_status":"closed","template":"","meta":{"_acf_changed":false,"footnotes":""},"class_list":["post-24","page","type-page","status-publish","hentry"],"acf":[],"yoast_head":"<!-- This site is optimized with the Yoast SEO plugin v27.2 - https:\/\/yoast.com\/product\/yoast-seo-wordpress\/ -->\n<title>Contacta con nosotros<\/title>\n<meta name=\"description\" content=\"Puedes contactar con nosotros para realizar cualquier tipo de consulta a trav\u00e9s de nuestro email . Resolveremos tus dudas tan pronto como nos sea posible.\" \/>\n<meta name=\"robots\" content=\"index, follow, max-snippet:-1, max-image-preview:large, max-video-preview:-1\" \/>\n<link rel=\"canonical\" href=\"https:\/\/www.sosgame.com\/es\/contacta-con-nosotros\" \/>\n<meta property=\"og:locale\" content=\"es_ES\" \/>\n<meta property=\"og:type\" content=\"article\" \/>\n<meta property=\"og:title\" content=\"Contacta con nosotros\" \/>\n<meta property=\"og:description\" content=\"Puedes contactar con nosotros para realizar cualquier tipo de consulta a trav\u00e9s de nuestro email . Resolveremos tus dudas tan pronto como nos sea posible.\" \/>\n<meta property=\"og:url\" content=\"https:\/\/www.sosgame.com\/es\/contacta-con-nosotros\" \/>\n<meta property=\"og:site_name\" content=\"ES\" \/>\n<meta property=\"article:modified_time\" content=\"2020-01-23T10:41:50+00:00\" \/>\n<meta name=\"twitter:card\" content=\"summary_large_image\" \/>\n<meta name=\"twitter:label1\" content=\"Est. reading time\" \/>\n\t<meta name=\"twitter:data1\" content=\"1 minute\" \/>\n<!-- \/ Yoast SEO plugin. -->","yoast_head_json":{"title":"Contacta con nosotros","description":"Puedes contactar con nosotros para realizar cualquier tipo de consulta a trav\u00e9s de nuestro email . Resolveremos tus dudas tan pronto como nos sea posible.","robots":{"index":"index","follow":"follow","max-snippet":"max-snippet:-1","max-image-preview":"max-image-preview:large","max-video-preview":"max-video-preview:-1"},"canonical":"https:\/\/www.sosgame.com\/es\/contacta-con-nosotros","og_locale":"es_ES","og_type":"article","og_title":"Contacta con nosotros","og_description":"Puedes contactar con nosotros para realizar cualquier tipo de consulta a trav\u00e9s de nuestro email . Resolveremos tus dudas tan pronto como nos sea posible.","og_url":"https:\/\/www.sosgame.com\/es\/contacta-con-nosotros","og_site_name":"ES","article_modified_time":"2020-01-23T10:41:50+00:00","twitter_card":"summary_large_image","twitter_misc":{"Est. reading time":"1 minute"},"schema":{"@context":"https:\/\/schema.org","@graph":[{"@type":"WebPage","@id":"https:\/\/www.sosgame.com\/es\/contacta-con-nosotros","url":"https:\/\/www.sosgame.com\/es\/contacta-con-nosotros","name":"Contacta con nosotros","isPartOf":{"@id":"https:\/\/www.sosgame.com\/es\/#website"},"datePublished":"2019-05-28T14:13:36+00:00","dateModified":"2020-01-23T10:41:50+00:00","description":"Puedes contactar con nosotros para realizar cualquier tipo de consulta a trav\u00e9s de nuestro email . Resolveremos tus dudas tan pronto como nos sea posible.","breadcrumb":{"@id":"https:\/\/www.sosgame.com\/es\/contacta-con-nosotros#breadcrumb"},"inLanguage":"es-ES","potentialAction":[{"@type":"ReadAction","target":["https:\/\/www.sosgame.com\/es\/contacta-con-nosotros"]}]},{"@type":"BreadcrumbList","@id":"https:\/\/www.sosgame.com\/es\/contacta-con-nosotros#breadcrumb","itemListElement":[{"@type":"ListItem","position":1,"name":"Home","item":"https:\/\/www.sosgame.com\/es"},{"@type":"ListItem","position":2,"name":"Contacta con nosotros"}]},{"@type":"WebSite","@id":"https:\/\/www.sosgame.com\/es\/#website","url":"https:\/\/www.sosgame.com\/es\/","name":"ES","description":"School of Slots Game","potentialAction":[{"@type":"SearchAction","target":{"@type":"EntryPoint","urlTemplate":"https:\/\/www.sosgame.com\/es\/?s={search_term_string}"},"query-input":{"@type":"PropertyValueSpecification","valueRequired":true,"valueName":"search_term_string"}}],"inLanguage":"es-ES"}]}},"_links":{"self":[{"href":"https:\/\/www.sosgame.com\/es\/wp-json\/wp\/v2\/pages\/24","targetHints":{"allow":["GET"]}}],"collection":[{"href":"https:\/\/www.sosgame.com\/es\/wp-json\/wp\/v2\/pages"}],"about":[{"href":"https:\/\/www.sosgame.com\/es\/wp-json\/wp\/v2\/types\/page"}],"author":[{"embeddable":true,"href":"https:\/\/www.sosgame.com\/es\/wp-json\/wp\/v2\/users\/3"}],"replies":[{"embeddable":true,"href":"https:\/\/www.sosgame.com\/es\/wp-json\/wp\/v2\/comments?post=24"}],"version-history":[{"count":0,"href":"https:\/\/www.sosgame.com\/es\/wp-json\/wp\/v2\/pages\/24\/revisions"}],"wp:attachment":[{"href":"https:\/\/www.sosgame.com\/es\/wp-json\/wp\/v2\/media?parent=24"}],"curies":[{"name":"wp","href":"https:\/\/api.w.org\/{rel}","templated":true}]}}