{"id":2,"date":"2019-05-24T10:40:00","date_gmt":"2019-05-24T10:40:00","guid":{"rendered":"https:\/\/www.sosgame.com\/es\/?page_id=2"},"modified":"2020-01-23T13:22:49","modified_gmt":"2020-01-23T13:22:49","slug":"home","status":"publish","type":"page","link":"https:\/\/www.sosgame.com\/es","title":{"rendered":"Home"},"content":{"rendered":"<h3 style=\"text-align: center\">SOS Game &#8211; Las mejores tragamonedas para jugar online &#8211; Cat\u00e1logo con m\u00e1s de 4000 Slots<\/h3>\n","protected":false},"excerpt":{"rendered":"<p>SOS Game &#8211; Las mejores tragamonedas para jugar online &#8211; Cat\u00e1logo con m\u00e1s de 4000 Slots<\/p>\n","protected":false},"author":3,"featured_media":0,"parent":0,"menu_order":0,"comment_status":"closed","ping_status":"closed","template":"","meta":{"_acf_changed":false,"footnotes":""},"class_list":["post-2","page","type-page","status-publish","hentry"],"acf":[],"yoast_head":"<!-- This site is optimized with the Yoast SEO plugin v27.2 - https:\/\/yoast.com\/product\/yoast-seo-wordpress\/ -->\n<title>Tragamonedas - Las mejores slots para jugar online - SOS Game<\/title>\n<meta name=\"description\" content=\"Disfruta de nuestro cat\u00e1logo con m\u00e1s de 4.000 slots gratis, completas rese\u00f1as y los \u00faltimos juegos de los mejores proveedores como NetEnt, Microgaming, IGT y muchos m\u00e1s.\" \/>\n<meta name=\"robots\" content=\"index, follow, max-snippet:-1, max-image-preview:large, max-video-preview:-1\" \/>\n<link rel=\"canonical\" href=\"https:\/\/www.sosgame.com\/es\" \/>\n<meta property=\"og:locale\" content=\"es_ES\" \/>\n<meta property=\"og:type\" content=\"article\" \/>\n<meta property=\"og:title\" content=\"Tragamonedas - Las mejores slots para jugar online - SOS Game\" \/>\n<meta property=\"og:description\" content=\"Disfruta de nuestro cat\u00e1logo con m\u00e1s de 4.000 slots gratis, completas rese\u00f1as y los \u00faltimos juegos de los mejores proveedores como NetEnt, Microgaming, IGT y muchos m\u00e1s.\" \/>\n<meta property=\"og:url\" content=\"https:\/\/www.sosgame.com\/es\" \/>\n<meta property=\"og:site_name\" content=\"ES\" \/>\n<meta property=\"article:modified_time\" content=\"2020-01-23T13:22:49+00:00\" \/>\n<meta name=\"twitter:card\" content=\"summary_large_image\" \/>\n<!-- \/ Yoast SEO plugin. -->","yoast_head_json":{"title":"Tragamonedas - Las mejores slots para jugar online - SOS Game","description":"Disfruta de nuestro cat\u00e1logo con m\u00e1s de 4.000 slots gratis, completas rese\u00f1as y los \u00faltimos juegos de los mejores proveedores como NetEnt, Microgaming, IGT y muchos m\u00e1s.","robots":{"index":"index","follow":"follow","max-snippet":"max-snippet:-1","max-image-preview":"max-image-preview:large","max-video-preview":"max-video-preview:-1"},"canonical":"https:\/\/www.sosgame.com\/es","og_locale":"es_ES","og_type":"article","og_title":"Tragamonedas - Las mejores slots para jugar online - SOS Game","og_description":"Disfruta de nuestro cat\u00e1logo con m\u00e1s de 4.000 slots gratis, completas rese\u00f1as y los \u00faltimos juegos de los mejores proveedores como NetEnt, Microgaming, IGT y muchos m\u00e1s.","og_url":"https:\/\/www.sosgame.com\/es","og_site_name":"ES","article_modified_time":"2020-01-23T13:22:49+00:00","twitter_card":"summary_large_image","schema":{"@context":"https:\/\/schema.org","@graph":[{"@type":"WebPage","@id":"https:\/\/www.sosgame.com\/es","url":"https:\/\/www.sosgame.com\/es","name":"Tragamonedas - Las mejores slots para jugar online - SOS Game","isPartOf":{"@id":"https:\/\/www.sosgame.com\/es\/#website"},"datePublished":"2019-05-24T10:40:00+00:00","dateModified":"2020-01-23T13:22:49+00:00","description":"Disfruta de nuestro cat\u00e1logo con m\u00e1s de 4.000 slots gratis, completas rese\u00f1as y los \u00faltimos juegos de los mejores proveedores como NetEnt, Microgaming, IGT y muchos m\u00e1s.","breadcrumb":{"@id":"https:\/\/www.sosgame.com\/es#breadcrumb"},"inLanguage":"es-ES","potentialAction":[{"@type":"ReadAction","target":["https:\/\/www.sosgame.com\/es"]}]},{"@type":"BreadcrumbList","@id":"https:\/\/www.sosgame.com\/es#breadcrumb","itemListElement":[{"@type":"ListItem","position":1,"name":"Home","item":"https:\/\/www.sosgame.com\/es"},{"@type":"ListItem","position":2,"name":"Home"}]},{"@type":"WebSite","@id":"https:\/\/www.sosgame.com\/es\/#website","url":"https:\/\/www.sosgame.com\/es\/","name":"ES","description":"School of Slots Game","potentialAction":[{"@type":"SearchAction","target":{"@type":"EntryPoint","urlTemplate":"https:\/\/www.sosgame.com\/es\/?s={search_term_string}"},"query-input":{"@type":"PropertyValueSpecification","valueRequired":true,"valueName":"search_term_string"}}],"inLanguage":"es-ES"}]}},"_links":{"self":[{"href":"https:\/\/www.sosgame.com\/es\/wp-json\/wp\/v2\/pages\/2","targetHints":{"allow":["GET"]}}],"collection":[{"href":"https:\/\/www.sosgame.com\/es\/wp-json\/wp\/v2\/pages"}],"about":[{"href":"https:\/\/www.sosgame.com\/es\/wp-json\/wp\/v2\/types\/page"}],"author":[{"embeddable":true,"href":"https:\/\/www.sosgame.com\/es\/wp-json\/wp\/v2\/users\/3"}],"replies":[{"embeddable":true,"href":"https:\/\/www.sosgame.com\/es\/wp-json\/wp\/v2\/comments?post=2"}],"version-history":[{"count":0,"href":"https:\/\/www.sosgame.com\/es\/wp-json\/wp\/v2\/pages\/2\/revisions"}],"wp:attachment":[{"href":"https:\/\/www.sosgame.com\/es\/wp-json\/wp\/v2\/media?parent=2"}],"curies":[{"name":"wp","href":"https:\/\/api.w.org\/{rel}","templated":true}]}}