{"id":154,"date":"2019-09-24T17:18:19","date_gmt":"2019-09-24T17:18:19","guid":{"rendered":"https:\/\/www.sosgame.com\/es\/?page_id=154"},"modified":"2020-01-23T10:07:39","modified_gmt":"2020-01-23T10:07:39","slug":"microgaming","status":"publish","type":"page","link":"https:\/\/www.sosgame.com\/es\/proveedores-software-slots\/microgaming","title":{"rendered":"Microgaming"},"content":{"rendered":"<p>Despu\u00e9s de haber lanzado su propia plataforma de juegos y su cat\u00e1logo de tragaperras en 1.994, Microgaming siempre ha sido un pionero del juego online. 25 a\u00f1os despu\u00e9s, sus gama de slots y juegos de casino todav\u00eda sigue siendo considerada una de las mejores de todo el sector. Existen diversas razones para ello, pero debemos destacar que su experiencia en el sector del juego es una de las m\u00e1s relevantes.<\/p>\n<p>Una de las ventajas de jugar a las slots de Microgaming es que puedes hacerlo a trav\u00e9s de varias plataformas. De este modo, podr\u00e1s jugar de forma instant\u00e1nea, mediante el software descargable o con tu dispositivo m\u00f3vil. Si optas por jugar con tu Smartphone, podr\u00e1s hacerlo tanto con un dispositivo Android como un tel\u00e9fono iOS.<\/p>\n<p>Con cientos de slots de diferentes tem\u00e1ticas disponibles, no cabe la menor duda que te encantar\u00e1 jugar a los juegos de Microgaming. Por tanto, ya seas un aficionado al cine, al deporte o la historia, siempre encontrar\u00e1s una slot que se ajuste a tus gustos. Ademas, gracias a su amplia variedad, podr\u00e1s intercambiar regularmente las tragamonedas a las que juegas.<\/p>\n<p>Otra cualidad destacada de Microgaming que garantiza que se mantenga como un notorio proveedor es que tiende a lanzar nuevas tragaperras online cada mes. De hecho, la marca cuenta actualmente con m\u00e1s de 600 juegos en el mercado. Esto evitar\u00e1 que puedas llegar a aburrirte, puesto que siempre tendr\u00e1s un nuevo y vibrante juego en el que apostar.<\/p>\n<p>Y lo mejor de todo, es que cada uno de sus \u00faltimos juegos de tragamonedas tiene algo \u00fanico para ofrecer a los jugadores. Ya sea una tem\u00e1tica diferente o una mec\u00e1nica de juego innovadora, las tragamonedas de Microgaming siempre te sorprender\u00e1n. De este modo, siempre garantizan a sus usuarios la m\u00e1xima diversi\u00f3n y nuevas emociones, aspectos deseables en cualquier plataforma de este tipo.<\/p>\n","protected":false},"excerpt":{"rendered":"<p>Despu\u00e9s de haber lanzado su propia plataforma de juegos y su cat\u00e1logo de tragaperras en 1.994, Microgaming siempre ha sido un pionero del juego online. 25 a\u00f1os despu\u00e9s, sus gama de slots y juegos de casino todav\u00eda sigue siendo considerada una de las mejores de todo el sector. Existen diversas razones para ello, pero debemos [&hellip;]<\/p>\n","protected":false},"author":3,"featured_media":0,"parent":37,"menu_order":0,"comment_status":"closed","ping_status":"closed","template":"","meta":{"_acf_changed":false,"footnotes":""},"class_list":["post-154","page","type-page","status-publish","hentry"],"acf":[],"yoast_head":"<!-- This site is optimized with the Yoast SEO plugin v27.2 - https:\/\/yoast.com\/product\/yoast-seo-wordpress\/ -->\n<title>Rese\u00f1a de Microgaming, su plataforma de juego y slots<\/title>\n<meta name=\"description\" content=\"Te mostramos toda la informaci\u00f3n sobre Microgaming, uno de los desarrolladores de juegos y software para casino online m\u00e1s populares de la red.\" \/>\n<meta name=\"robots\" content=\"index, follow, max-snippet:-1, max-image-preview:large, max-video-preview:-1\" \/>\n<link rel=\"canonical\" href=\"https:\/\/www.sosgame.com\/es\/proveedores-software-slots\/microgaming\" \/>\n<meta property=\"og:locale\" content=\"es_ES\" \/>\n<meta property=\"og:type\" content=\"article\" \/>\n<meta property=\"og:title\" content=\"Rese\u00f1a de Microgaming, su plataforma de juego y slots\" \/>\n<meta property=\"og:description\" content=\"Te mostramos toda la informaci\u00f3n sobre Microgaming, uno de los desarrolladores de juegos y software para casino online m\u00e1s populares de la red.\" \/>\n<meta property=\"og:url\" content=\"https:\/\/www.sosgame.com\/es\/proveedores-software-slots\/microgaming\" \/>\n<meta property=\"og:site_name\" content=\"ES\" \/>\n<meta property=\"article:modified_time\" content=\"2020-01-23T10:07:39+00:00\" \/>\n<meta name=\"twitter:card\" content=\"summary_large_image\" \/>\n<meta name=\"twitter:label1\" content=\"Est. reading time\" \/>\n\t<meta name=\"twitter:data1\" content=\"2 minutes\" \/>\n<!-- \/ Yoast SEO plugin. -->","yoast_head_json":{"title":"Rese\u00f1a de Microgaming, su plataforma de juego y slots","description":"Te mostramos toda la informaci\u00f3n sobre Microgaming, uno de los desarrolladores de juegos y software para casino online m\u00e1s populares de la red.","robots":{"index":"index","follow":"follow","max-snippet":"max-snippet:-1","max-image-preview":"max-image-preview:large","max-video-preview":"max-video-preview:-1"},"canonical":"https:\/\/www.sosgame.com\/es\/proveedores-software-slots\/microgaming","og_locale":"es_ES","og_type":"article","og_title":"Rese\u00f1a de Microgaming, su plataforma de juego y slots","og_description":"Te mostramos toda la informaci\u00f3n sobre Microgaming, uno de los desarrolladores de juegos y software para casino online m\u00e1s populares de la red.","og_url":"https:\/\/www.sosgame.com\/es\/proveedores-software-slots\/microgaming","og_site_name":"ES","article_modified_time":"2020-01-23T10:07:39+00:00","twitter_card":"summary_large_image","twitter_misc":{"Est. reading time":"2 minutes"},"schema":{"@context":"https:\/\/schema.org","@graph":[{"@type":"WebPage","@id":"https:\/\/www.sosgame.com\/es\/proveedores-software-slots\/microgaming","url":"https:\/\/www.sosgame.com\/es\/proveedores-software-slots\/microgaming","name":"Rese\u00f1a de Microgaming, su plataforma de juego y slots","isPartOf":{"@id":"https:\/\/www.sosgame.com\/es\/#website"},"datePublished":"2019-09-24T17:18:19+00:00","dateModified":"2020-01-23T10:07:39+00:00","description":"Te mostramos toda la informaci\u00f3n sobre Microgaming, uno de los desarrolladores de juegos y software para casino online m\u00e1s populares de la red.","breadcrumb":{"@id":"https:\/\/www.sosgame.com\/es\/proveedores-software-slots\/microgaming#breadcrumb"},"inLanguage":"es-ES","potentialAction":[{"@type":"ReadAction","target":["https:\/\/www.sosgame.com\/es\/proveedores-software-slots\/microgaming"]}]},{"@type":"BreadcrumbList","@id":"https:\/\/www.sosgame.com\/es\/proveedores-software-slots\/microgaming#breadcrumb","itemListElement":[{"@type":"ListItem","position":1,"name":"Home","item":"https:\/\/www.sosgame.com\/es"},{"@type":"ListItem","position":2,"name":"Cat\u00e1logo con m\u00e1s de 300 slots &#8211; Proveedores de tragamonedas online","item":"https:\/\/www.sosgame.com\/es\/proveedores-software-slots"},{"@type":"ListItem","position":3,"name":"Microgaming"}]},{"@type":"WebSite","@id":"https:\/\/www.sosgame.com\/es\/#website","url":"https:\/\/www.sosgame.com\/es\/","name":"ES","description":"School of Slots Game","potentialAction":[{"@type":"SearchAction","target":{"@type":"EntryPoint","urlTemplate":"https:\/\/www.sosgame.com\/es\/?s={search_term_string}"},"query-input":{"@type":"PropertyValueSpecification","valueRequired":true,"valueName":"search_term_string"}}],"inLanguage":"es-ES"}]}},"_links":{"self":[{"href":"https:\/\/www.sosgame.com\/es\/wp-json\/wp\/v2\/pages\/154","targetHints":{"allow":["GET"]}}],"collection":[{"href":"https:\/\/www.sosgame.com\/es\/wp-json\/wp\/v2\/pages"}],"about":[{"href":"https:\/\/www.sosgame.com\/es\/wp-json\/wp\/v2\/types\/page"}],"author":[{"embeddable":true,"href":"https:\/\/www.sosgame.com\/es\/wp-json\/wp\/v2\/users\/3"}],"replies":[{"embeddable":true,"href":"https:\/\/www.sosgame.com\/es\/wp-json\/wp\/v2\/comments?post=154"}],"version-history":[{"count":0,"href":"https:\/\/www.sosgame.com\/es\/wp-json\/wp\/v2\/pages\/154\/revisions"}],"up":[{"embeddable":true,"href":"https:\/\/www.sosgame.com\/es\/wp-json\/wp\/v2\/pages\/37"}],"wp:attachment":[{"href":"https:\/\/www.sosgame.com\/es\/wp-json\/wp\/v2\/media?parent=154"}],"curies":[{"name":"wp","href":"https:\/\/api.w.org\/{rel}","templated":true}]}}