{"id":152,"date":"2019-09-24T17:18:19","date_gmt":"2019-09-24T17:18:19","guid":{"rendered":"https:\/\/www.sosgame.com\/es\/?page_id=152"},"modified":"2020-01-23T12:55:11","modified_gmt":"2020-01-23T12:55:11","slug":"netent","status":"publish","type":"page","link":"https:\/\/www.sosgame.com\/es\/proveedores-software-slots\/netent","title":{"rendered":"NetEnt"},"content":{"rendered":"<p>NetEnt es uno de los proveedores de juegos de casino en l\u00ednea m\u00e1s prestigiosos del sector. Esto es algo que cualquier usuario podr\u00eda adivinar gracias al amplio cat\u00e1logo de t\u00edtulos que ofrece y que est\u00e1 disponible en el mercado desde el a\u00f1o 1.996. Su principal especialidad son las slots, que est\u00e1n disponibles en centenares de p\u00e1ginas de casino en Internet.<\/p>\n<p>Por otro lado, tendr\u00e1s 2 opciones para jugar a estas slots. En primer lugar, puedes hacerlo totalmente gratis. Esto resulta adecuado para los jugadores novatos, por ejemplo. Del mismo modo, si eres un jugador m\u00e1s experto, podr\u00e1s jugar con dinero real siempre que lo desees.<\/p>\n<p>Esto significa que, adem\u00e1s de disfrutar de muchas de las tragamonedas online m\u00e1s novedosas, con NetEnt podr\u00e1s jugar a algunas de las slots m\u00e1s antiguas del mercado.\u00a0 Dicho aspecto, supone un valor a\u00f1adido a tu experiencia como usuario de casino, ofreci\u00e9ndote muchas m\u00e1s opciones de elecci\u00f3n. Esto, a su vez, evitar\u00e1 que puedas aburrirte por jugar siempre a los mismos juegos.<\/p>\n<p>Si tenemos que elegir una palabra para definir los juegos de slots de NetEnt, dir\u00edamos: revolucionarios. Y es que los juegosde este proveedor de casino rompen con lo ordinario, ofreciendo a sus jugadores una nueva forma de diversi\u00f3n en cada t\u00edtulo. Para ello, basta con echar un vistazo a su cat\u00e1logo de slots, muchas de las que habr\u00e1s o\u00eddo hablar e incluso jugado.<\/p>\n<p>Por otro lado, con la permanente intenci\u00f3n de estar a la vanguardia del sector, NetEnt tambi\u00e9n han lanzado una gama de juegos de casino compatibles con dispositivos m\u00f3viles. Estos juegos forman parte su gama de t\u00edtulos denominada NetEnt Touch y est\u00e1n disponibles tanto para tel\u00e9fonos iPhone como Android. Adem\u00e1s, son 100% compatibles con dispositivos iPad y Tablets.<\/p>\n<p>Para finalizar, algo que debemos se\u00f1alar es que todas las tragaperras online de NetEnt est\u00e1n dise\u00f1adas para jugarse a trav\u00e9s de una plataforma de juego instant\u00e1neo. Por lo tanto, a pesar de que la opci\u00f3n de descarga siempre estar\u00e1 disponible, no ser\u00e1 necesario descargar ning\u00fan tipo de software cuando quieras jugar.<\/p>\n","protected":false},"excerpt":{"rendered":"<p>NetEnt es uno de los proveedores de juegos de casino en l\u00ednea m\u00e1s prestigiosos del sector. Esto es algo que cualquier usuario podr\u00eda adivinar gracias al amplio cat\u00e1logo de t\u00edtulos que ofrece y que est\u00e1 disponible en el mercado desde el a\u00f1o 1.996. Su principal especialidad son las slots, que est\u00e1n disponibles en centenares de [&hellip;]<\/p>\n","protected":false},"author":3,"featured_media":0,"parent":37,"menu_order":0,"comment_status":"closed","ping_status":"closed","template":"","meta":{"_acf_changed":false,"footnotes":""},"class_list":["post-152","page","type-page","status-publish","hentry"],"acf":[],"yoast_head":"<!-- This site is optimized with the Yoast SEO plugin v27.2 - https:\/\/yoast.com\/product\/yoast-seo-wordpress\/ -->\n<title>Conoce toda la informaci\u00f3n sobre NetEnt, su software y sus juegos<\/title>\n<meta name=\"description\" content=\"Siempre es aconsejable conocer las slots y el resto de juegos desarrollados por los proveedores de casino y esta gu\u00eda analiza los de la popular NetEnt.\" \/>\n<meta name=\"robots\" content=\"index, follow, max-snippet:-1, max-image-preview:large, max-video-preview:-1\" \/>\n<link rel=\"canonical\" href=\"https:\/\/www.sosgame.com\/es\/proveedores-software-slots\/netent\" \/>\n<meta property=\"og:locale\" content=\"es_ES\" \/>\n<meta property=\"og:type\" content=\"article\" \/>\n<meta property=\"og:title\" content=\"Conoce toda la informaci\u00f3n sobre NetEnt, su software y sus juegos\" \/>\n<meta property=\"og:description\" content=\"Siempre es aconsejable conocer las slots y el resto de juegos desarrollados por los proveedores de casino y esta gu\u00eda analiza los de la popular NetEnt.\" \/>\n<meta property=\"og:url\" content=\"https:\/\/www.sosgame.com\/es\/proveedores-software-slots\/netent\" \/>\n<meta property=\"og:site_name\" content=\"ES\" \/>\n<meta property=\"article:modified_time\" content=\"2020-01-23T12:55:11+00:00\" \/>\n<meta name=\"twitter:card\" content=\"summary_large_image\" \/>\n<meta name=\"twitter:label1\" content=\"Est. reading time\" \/>\n\t<meta name=\"twitter:data1\" content=\"2 minutes\" \/>\n<!-- \/ Yoast SEO plugin. -->","yoast_head_json":{"title":"Conoce toda la informaci\u00f3n sobre NetEnt, su software y sus juegos","description":"Siempre es aconsejable conocer las slots y el resto de juegos desarrollados por los proveedores de casino y esta gu\u00eda analiza los de la popular NetEnt.","robots":{"index":"index","follow":"follow","max-snippet":"max-snippet:-1","max-image-preview":"max-image-preview:large","max-video-preview":"max-video-preview:-1"},"canonical":"https:\/\/www.sosgame.com\/es\/proveedores-software-slots\/netent","og_locale":"es_ES","og_type":"article","og_title":"Conoce toda la informaci\u00f3n sobre NetEnt, su software y sus juegos","og_description":"Siempre es aconsejable conocer las slots y el resto de juegos desarrollados por los proveedores de casino y esta gu\u00eda analiza los de la popular NetEnt.","og_url":"https:\/\/www.sosgame.com\/es\/proveedores-software-slots\/netent","og_site_name":"ES","article_modified_time":"2020-01-23T12:55:11+00:00","twitter_card":"summary_large_image","twitter_misc":{"Est. reading time":"2 minutes"},"schema":{"@context":"https:\/\/schema.org","@graph":[{"@type":"WebPage","@id":"https:\/\/www.sosgame.com\/es\/proveedores-software-slots\/netent","url":"https:\/\/www.sosgame.com\/es\/proveedores-software-slots\/netent","name":"Conoce toda la informaci\u00f3n sobre NetEnt, su software y sus juegos","isPartOf":{"@id":"https:\/\/www.sosgame.com\/es\/#website"},"datePublished":"2019-09-24T17:18:19+00:00","dateModified":"2020-01-23T12:55:11+00:00","description":"Siempre es aconsejable conocer las slots y el resto de juegos desarrollados por los proveedores de casino y esta gu\u00eda analiza los de la popular NetEnt.","breadcrumb":{"@id":"https:\/\/www.sosgame.com\/es\/proveedores-software-slots\/netent#breadcrumb"},"inLanguage":"es-ES","potentialAction":[{"@type":"ReadAction","target":["https:\/\/www.sosgame.com\/es\/proveedores-software-slots\/netent"]}]},{"@type":"BreadcrumbList","@id":"https:\/\/www.sosgame.com\/es\/proveedores-software-slots\/netent#breadcrumb","itemListElement":[{"@type":"ListItem","position":1,"name":"Home","item":"https:\/\/www.sosgame.com\/es"},{"@type":"ListItem","position":2,"name":"Cat\u00e1logo con m\u00e1s de 300 slots &#8211; Proveedores de tragamonedas online","item":"https:\/\/www.sosgame.com\/es\/proveedores-software-slots"},{"@type":"ListItem","position":3,"name":"NetEnt"}]},{"@type":"WebSite","@id":"https:\/\/www.sosgame.com\/es\/#website","url":"https:\/\/www.sosgame.com\/es\/","name":"ES","description":"School of Slots Game","potentialAction":[{"@type":"SearchAction","target":{"@type":"EntryPoint","urlTemplate":"https:\/\/www.sosgame.com\/es\/?s={search_term_string}"},"query-input":{"@type":"PropertyValueSpecification","valueRequired":true,"valueName":"search_term_string"}}],"inLanguage":"es-ES"}]}},"_links":{"self":[{"href":"https:\/\/www.sosgame.com\/es\/wp-json\/wp\/v2\/pages\/152","targetHints":{"allow":["GET"]}}],"collection":[{"href":"https:\/\/www.sosgame.com\/es\/wp-json\/wp\/v2\/pages"}],"about":[{"href":"https:\/\/www.sosgame.com\/es\/wp-json\/wp\/v2\/types\/page"}],"author":[{"embeddable":true,"href":"https:\/\/www.sosgame.com\/es\/wp-json\/wp\/v2\/users\/3"}],"replies":[{"embeddable":true,"href":"https:\/\/www.sosgame.com\/es\/wp-json\/wp\/v2\/comments?post=152"}],"version-history":[{"count":0,"href":"https:\/\/www.sosgame.com\/es\/wp-json\/wp\/v2\/pages\/152\/revisions"}],"up":[{"embeddable":true,"href":"https:\/\/www.sosgame.com\/es\/wp-json\/wp\/v2\/pages\/37"}],"wp:attachment":[{"href":"https:\/\/www.sosgame.com\/es\/wp-json\/wp\/v2\/media?parent=152"}],"curies":[{"name":"wp","href":"https:\/\/api.w.org\/{rel}","templated":true}]}}